{"id":2372,"date":"2026-02-07T15:45:57","date_gmt":"2026-02-07T14:45:57","guid":{"rendered":"https:\/\/pierre-yves-nedelec.fr\/?post_type=product&#038;p=2372"},"modified":"2026-02-07T16:27:06","modified_gmt":"2026-02-07T15:27:06","slug":"improbable-recueil-delucubrations-variees","status":"publish","type":"product","link":"https:\/\/pierre-yves-nedelec.fr\/?product=improbable-recueil-delucubrations-variees","title":{"rendered":"De tout un peu n&rsquo;importe quoi"},"content":{"rendered":"<div class=\"elementor-element elementor-element-f220cad e-flex e-con-boxed e-con e-parent e-lazyloaded\" data-id=\"f220cad\" data-element_type=\"container\" data-e-type=\"container\">\n<div class=\"e-con-inner\">\n<div class=\"elementor-element elementor-element-68e49c6 elementor-widget elementor-widget-heading\" data-id=\"68e49c6\" data-element_type=\"widget\" data-e-type=\"widget\" data-widget_type=\"heading.default\">\n<div class=\"elementor-widget-container\">\n<h5 class=\"elementor-heading-title elementor-size-default\"><img fetchpriority=\"high\" decoding=\"async\" class=\"alignnone size-full wp-image-1141\" src=\"https:\/\/pierre-yves-nedelec.fr\/wp-content\/uploads\/2023\/12\/de-tout-un-peu-nimporte-quoi.webp\" alt=\"Premi\u00e8re de couverture du recueil d'\u00e9lucubrations &quot;De Tout Un Peu N\u2019importe Quoi&quot;\" width=\"300\" height=\"495\" \/>Improbable recueil d&rsquo;\u00e9lucubrations vari\u00e9es<\/h5>\n<\/div>\n<\/div>\n<\/div>\n<\/div>\n<div class=\"elementor-element elementor-element-3b72dda e-flex e-con-boxed e-con e-parent e-lazyloaded\" data-id=\"3b72dda\" data-element_type=\"container\" data-e-type=\"container\">\n<div class=\"e-con-inner\">\n<div class=\"elementor-element elementor-element-b3b4ea8 elementor-widget elementor-widget-text-editor\" data-id=\"b3b4ea8\" data-element_type=\"widget\" data-e-type=\"widget\" data-widget_type=\"text-editor.default\">\n<div class=\"elementor-widget-container\">\n<p>Pourquoi improbable ? Parce qu\u2019il n\u2019y a de lien logique, entre les textes de ce recueil de textes dr\u00f4les et de parodies, que l\u2019envie de faire rire en refusant de se soumettre \u00e0 quelque r\u00e8gle que ce soit. Pourquoi \u00e9lucubrations ? Parce qu\u2019il est difficile de trouver substantif plus ad\u00e9quat pour qualifier les diff\u00e9rents textes que regroupe ce recueil. Ce livre est \u00e0 consommer comme un tr\u00e8s bon whisky, \u00e0 petites doses, sous peine d\u2019attraper mal \u00e0 la t\u00eate.<\/p>\n<\/div>\n<\/div>\n<\/div>\n<\/div>\n","protected":false},"excerpt":{"rendered":"<p><img fetchpriority=\"high\" decoding=\"async\" class=\"alignnone size-full wp-image-1141\" src=\"https:\/\/pierre-yves-nedelec.fr\/wp-content\/uploads\/2023\/12\/de-tout-un-peu-nimporte-quoi.webp\" alt=\"Premi\u00e8re de couverture du recueil d'\u00e9lucubrations &quot;De Tout Un Peu N\u2019importe Quoi&quot;\" width=\"300\" height=\"495\" \/>\u00a0Pourquoi improbable ? Parce qu\u2019il n\u2019y a de lien logique, entre les textes de ce recueil de textes dr\u00f4les et de parodies, que l\u2019envie de faire rire en refusant de se soumettre \u00e0 quelque r\u00e8gle que ce soit. Pourquoi \u00e9lucubrations ? Parce qu\u2019il est difficile de trouver substantif plus ad\u00e9quat pour qualifier les diff\u00e9rents textes que regroupe ce recueil. Ce livre est \u00e0 consommer comme un tr\u00e8s bon whisky, \u00e0 petites doses, sous peine d\u2019attraper mal \u00e0 la t\u00eate.<\/p>\n<p>200 pages<\/p>\n","protected":false},"featured_media":2373,"comment_status":"open","ping_status":"closed","template":"","meta":{"site-sidebar-layout":"left-sidebar","site-content-layout":"","ast-site-content-layout":"normal-width-container","site-content-style":"boxed","site-sidebar-style":"boxed","ast-global-header-display":"","ast-banner-title-visibility":"","ast-main-header-display":"","ast-hfb-above-header-display":"","ast-hfb-below-header-display":"","ast-hfb-mobile-header-display":"","site-post-title":"","ast-breadcrumbs-content":"","ast-featured-img":"","footer-sml-layout":"","ast-disable-related-posts":"","theme-transparent-header-meta":"default","adv-header-id-meta":"","stick-header-meta":"","header-above-stick-meta":"","header-main-stick-meta":"","header-below-stick-meta":"","astra-migrate-meta-layouts":"set","ast-page-background-enabled":"default","ast-page-background-meta":{"desktop":{"background-color":"var(--ast-global-color-4)","background-image":"","background-repeat":"repeat","background-position":"center center","background-size":"auto","background-attachment":"scroll","background-type":"","background-media":"","overlay-type":"","overlay-color":"","overlay-opacity":"","overlay-gradient":""},"tablet":{"background-color":"","background-image":"","background-repeat":"repeat","background-position":"center center","background-size":"auto","background-attachment":"scroll","background-type":"","background-media":"","overlay-type":"","overlay-color":"","overlay-opacity":"","overlay-gradient":""},"mobile":{"background-color":"","background-image":"","background-repeat":"repeat","background-position":"center center","background-size":"auto","background-attachment":"scroll","background-type":"","background-media":"","overlay-type":"","overlay-color":"","overlay-opacity":"","overlay-gradient":""}},"ast-content-background-meta":{"desktop":{"background-color":"var(--ast-global-color-5)","background-image":"","background-repeat":"repeat","background-position":"center center","background-size":"auto","background-attachment":"scroll","background-type":"","background-media":"","overlay-type":"","overlay-color":"","overlay-opacity":"","overlay-gradient":""},"tablet":{"background-color":"var(--ast-global-color-5)","background-image":"","background-repeat":"repeat","background-position":"center center","background-size":"auto","background-attachment":"scroll","background-type":"","background-media":"","overlay-type":"","overlay-color":"","overlay-opacity":"","overlay-gradient":""},"mobile":{"background-color":"var(--ast-global-color-5)","background-image":"","background-repeat":"repeat","background-position":"center center","background-size":"auto","background-attachment":"scroll","background-type":"","background-media":"","overlay-type":"","overlay-color":"","overlay-opacity":"","overlay-gradient":""}}},"product_brand":[],"product_cat":[87],"product_tag":[],"class_list":{"0":"post-2372","1":"product","2":"type-product","3":"status-publish","4":"has-post-thumbnail","6":"product_cat-inclassable","7":"desktop-align-left","8":"tablet-align-left","9":"mobile-align-left","11":"first","12":"instock","13":"shipping-taxable","14":"purchasable","15":"product-type-simple"},"yoast_head":"<!-- This site is optimized with the Yoast SEO plugin v27.3 - https:\/\/yoast.com\/product\/yoast-seo-wordpress\/ -->\n<title>De tout un peu n&#039;importe quoi<\/title>\n<meta name=\"description\" content=\"Improbable recueil d&#039;\u00e9lucubrations vari\u00e9es. Pourquoi improbable ? Parce qu\u2019il n\u2019y a de lien logique, entre les textes de ce recueil de textes dr\u00f4les et de parodies, que l\u2019envie de faire rire en refusant de se soumettre \u00e0 quelque r\u00e8gle que ce soit. Pourquoi \u00e9lucubrations ? Parce qu\u2019il est difficile de trouver substantif plus ad\u00e9quat pour qualifier les diff\u00e9rents textes que regroupe ce recueil. Ce livre est \u00e0 consommer comme un tr\u00e8s bon whisky, \u00e0 petites doses, sous peine d\u2019attraper mal \u00e0 la t\u00eate.\" \/>\n<meta name=\"robots\" content=\"index, follow, max-snippet:-1, max-image-preview:large, max-video-preview:-1\" \/>\n<link rel=\"canonical\" href=\"https:\/\/pierre-yves-nedelec.fr\/?product=improbable-recueil-delucubrations-variees\" \/>\n<meta property=\"og:locale\" content=\"fr_FR\" \/>\n<meta property=\"og:type\" content=\"article\" \/>\n<meta property=\"og:title\" content=\"De tout un peu n&#039;importe quoi\" \/>\n<meta property=\"og:description\" content=\"Improbable recueil d&#039;\u00e9lucubrations vari\u00e9es. Pourquoi improbable ? Parce qu\u2019il n\u2019y a de lien logique, entre les textes de ce recueil de textes dr\u00f4les et de parodies, que l\u2019envie de faire rire en refusant de se soumettre \u00e0 quelque r\u00e8gle que ce soit. Pourquoi \u00e9lucubrations ? Parce qu\u2019il est difficile de trouver substantif plus ad\u00e9quat pour qualifier les diff\u00e9rents textes que regroupe ce recueil. Ce livre est \u00e0 consommer comme un tr\u00e8s bon whisky, \u00e0 petites doses, sous peine d\u2019attraper mal \u00e0 la t\u00eate.\" \/>\n<meta property=\"og:url\" content=\"https:\/\/pierre-yves-nedelec.fr\/?product=improbable-recueil-delucubrations-variees\" \/>\n<meta property=\"og:site_name\" content=\"Pierre-Yves N\u00e9d\u00e9lec\" \/>\n<meta property=\"article:modified_time\" content=\"2026-02-07T15:27:06+00:00\" \/>\n<meta property=\"og:image\" content=\"https:\/\/pierre-yves-nedelec.fr\/wp-content\/uploads\/Couverture-DTUPNQ-KDP-MM.jpg\" \/>\n\t<meta property=\"og:image:width\" content=\"1024\" \/>\n\t<meta property=\"og:image:height\" content=\"788\" \/>\n\t<meta property=\"og:image:type\" content=\"image\/jpeg\" \/>\n<meta name=\"twitter:card\" content=\"summary_large_image\" \/>\n<meta name=\"twitter:label1\" content=\"Dur\u00e9e de lecture estim\u00e9e\" \/>\n\t<meta name=\"twitter:data1\" content=\"1 minute\" \/>\n<script type=\"application\/ld+json\" class=\"yoast-schema-graph\">{\"@context\":\"https:\\\/\\\/schema.org\",\"@graph\":[{\"@type\":\"WebPage\",\"@id\":\"https:\\\/\\\/pierre-yves-nedelec.fr\\\/?product=improbable-recueil-delucubrations-variees\",\"url\":\"https:\\\/\\\/pierre-yves-nedelec.fr\\\/?product=improbable-recueil-delucubrations-variees\",\"name\":\"De tout un peu n'importe quoi\",\"isPartOf\":{\"@id\":\"https:\\\/\\\/pierre-yves-nedelec.fr\\\/#website\"},\"primaryImageOfPage\":{\"@id\":\"https:\\\/\\\/pierre-yves-nedelec.fr\\\/?product=improbable-recueil-delucubrations-variees#primaryimage\"},\"image\":{\"@id\":\"https:\\\/\\\/pierre-yves-nedelec.fr\\\/?product=improbable-recueil-delucubrations-variees#primaryimage\"},\"thumbnailUrl\":\"https:\\\/\\\/pierre-yves-nedelec.fr\\\/wp-content\\\/uploads\\\/Couverture-DTUPNQ-KDP-MM.jpg\",\"datePublished\":\"2026-02-07T14:45:57+00:00\",\"dateModified\":\"2026-02-07T15:27:06+00:00\",\"description\":\"Improbable recueil d'\u00e9lucubrations vari\u00e9es. Pourquoi improbable ? Parce qu\u2019il n\u2019y a de lien logique, entre les textes de ce recueil de textes dr\u00f4les et de parodies, que l\u2019envie de faire rire en refusant de se soumettre \u00e0 quelque r\u00e8gle que ce soit. Pourquoi \u00e9lucubrations ? Parce qu\u2019il est difficile de trouver substantif plus ad\u00e9quat pour qualifier les diff\u00e9rents textes que regroupe ce recueil. Ce livre est \u00e0 consommer comme un tr\u00e8s bon whisky, \u00e0 petites doses, sous peine d\u2019attraper mal \u00e0 la t\u00eate.\",\"breadcrumb\":{\"@id\":\"https:\\\/\\\/pierre-yves-nedelec.fr\\\/?product=improbable-recueil-delucubrations-variees#breadcrumb\"},\"inLanguage\":\"fr-FR\",\"potentialAction\":[{\"@type\":\"ReadAction\",\"target\":[\"https:\\\/\\\/pierre-yves-nedelec.fr\\\/?product=improbable-recueil-delucubrations-variees\"]}]},{\"@type\":\"ImageObject\",\"inLanguage\":\"fr-FR\",\"@id\":\"https:\\\/\\\/pierre-yves-nedelec.fr\\\/?product=improbable-recueil-delucubrations-variees#primaryimage\",\"url\":\"https:\\\/\\\/pierre-yves-nedelec.fr\\\/wp-content\\\/uploads\\\/Couverture-DTUPNQ-KDP-MM.jpg\",\"contentUrl\":\"https:\\\/\\\/pierre-yves-nedelec.fr\\\/wp-content\\\/uploads\\\/Couverture-DTUPNQ-KDP-MM.jpg\",\"width\":1024,\"height\":788,\"caption\":\"Couverture \\\"de tout un peu n'importe quoi\\\"\"},{\"@type\":\"BreadcrumbList\",\"@id\":\"https:\\\/\\\/pierre-yves-nedelec.fr\\\/?product=improbable-recueil-delucubrations-variees#breadcrumb\",\"itemListElement\":[{\"@type\":\"ListItem\",\"position\":1,\"name\":\"Accueil\",\"item\":\"https:\\\/\\\/pierre-yves-nedelec.fr\\\/\"},{\"@type\":\"ListItem\",\"position\":2,\"name\":\"Boutique\",\"item\":\"https:\\\/\\\/pierre-yves-nedelec.fr\\\/?page_id=2121\"},{\"@type\":\"ListItem\",\"position\":3,\"name\":\"De tout un peu n&rsquo;importe quoi\"}]},{\"@type\":\"WebSite\",\"@id\":\"https:\\\/\\\/pierre-yves-nedelec.fr\\\/#website\",\"url\":\"https:\\\/\\\/pierre-yves-nedelec.fr\\\/\",\"name\":\"Pierre-Yves N\u00e9d\u00e9lec\",\"description\":\"Une journ\u00e9e sans rire est une journ\u00e9e perdue\",\"publisher\":{\"@id\":\"https:\\\/\\\/pierre-yves-nedelec.fr\\\/#organization\"},\"potentialAction\":[{\"@type\":\"SearchAction\",\"target\":{\"@type\":\"EntryPoint\",\"urlTemplate\":\"https:\\\/\\\/pierre-yves-nedelec.fr\\\/?s={search_term_string}\"},\"query-input\":{\"@type\":\"PropertyValueSpecification\",\"valueRequired\":true,\"valueName\":\"search_term_string\"}}],\"inLanguage\":\"fr-FR\"},{\"@type\":\"Organization\",\"@id\":\"https:\\\/\\\/pierre-yves-nedelec.fr\\\/#organization\",\"name\":\"Pierre-Yves N\u00e9d\u00e9lec\",\"url\":\"https:\\\/\\\/pierre-yves-nedelec.fr\\\/\",\"logo\":{\"@type\":\"ImageObject\",\"inLanguage\":\"fr-FR\",\"@id\":\"https:\\\/\\\/pierre-yves-nedelec.fr\\\/#\\\/schema\\\/logo\\\/image\\\/\",\"url\":\"https:\\\/\\\/pierre-yves-nedelec.fr\\\/wp-content\\\/uploads\\\/2023\\\/12\\\/cropped-Logo-PiN-mini.webp\",\"contentUrl\":\"https:\\\/\\\/pierre-yves-nedelec.fr\\\/wp-content\\\/uploads\\\/2023\\\/12\\\/cropped-Logo-PiN-mini.webp\",\"width\":90,\"height\":80,\"caption\":\"Pierre-Yves N\u00e9d\u00e9lec\"},\"image\":{\"@id\":\"https:\\\/\\\/pierre-yves-nedelec.fr\\\/#\\\/schema\\\/logo\\\/image\\\/\"}}]}<\/script>\n<!-- \/ Yoast SEO plugin. -->","yoast_head_json":{"title":"De tout un peu n'importe quoi","description":"Improbable recueil d'\u00e9lucubrations vari\u00e9es. Pourquoi improbable ? Parce qu\u2019il n\u2019y a de lien logique, entre les textes de ce recueil de textes dr\u00f4les et de parodies, que l\u2019envie de faire rire en refusant de se soumettre \u00e0 quelque r\u00e8gle que ce soit. Pourquoi \u00e9lucubrations ? Parce qu\u2019il est difficile de trouver substantif plus ad\u00e9quat pour qualifier les diff\u00e9rents textes que regroupe ce recueil. Ce livre est \u00e0 consommer comme un tr\u00e8s bon whisky, \u00e0 petites doses, sous peine d\u2019attraper mal \u00e0 la t\u00eate.","robots":{"index":"index","follow":"follow","max-snippet":"max-snippet:-1","max-image-preview":"max-image-preview:large","max-video-preview":"max-video-preview:-1"},"canonical":"https:\/\/pierre-yves-nedelec.fr\/?product=improbable-recueil-delucubrations-variees","og_locale":"fr_FR","og_type":"article","og_title":"De tout un peu n'importe quoi","og_description":"Improbable recueil d'\u00e9lucubrations vari\u00e9es. Pourquoi improbable ? Parce qu\u2019il n\u2019y a de lien logique, entre les textes de ce recueil de textes dr\u00f4les et de parodies, que l\u2019envie de faire rire en refusant de se soumettre \u00e0 quelque r\u00e8gle que ce soit. Pourquoi \u00e9lucubrations ? Parce qu\u2019il est difficile de trouver substantif plus ad\u00e9quat pour qualifier les diff\u00e9rents textes que regroupe ce recueil. Ce livre est \u00e0 consommer comme un tr\u00e8s bon whisky, \u00e0 petites doses, sous peine d\u2019attraper mal \u00e0 la t\u00eate.","og_url":"https:\/\/pierre-yves-nedelec.fr\/?product=improbable-recueil-delucubrations-variees","og_site_name":"Pierre-Yves N\u00e9d\u00e9lec","article_modified_time":"2026-02-07T15:27:06+00:00","og_image":[{"width":1024,"height":788,"url":"https:\/\/pierre-yves-nedelec.fr\/wp-content\/uploads\/Couverture-DTUPNQ-KDP-MM.jpg","type":"image\/jpeg"}],"twitter_card":"summary_large_image","twitter_misc":{"Dur\u00e9e de lecture estim\u00e9e":"1 minute"},"schema":{"@context":"https:\/\/schema.org","@graph":[{"@type":"WebPage","@id":"https:\/\/pierre-yves-nedelec.fr\/?product=improbable-recueil-delucubrations-variees","url":"https:\/\/pierre-yves-nedelec.fr\/?product=improbable-recueil-delucubrations-variees","name":"De tout un peu n'importe quoi","isPartOf":{"@id":"https:\/\/pierre-yves-nedelec.fr\/#website"},"primaryImageOfPage":{"@id":"https:\/\/pierre-yves-nedelec.fr\/?product=improbable-recueil-delucubrations-variees#primaryimage"},"image":{"@id":"https:\/\/pierre-yves-nedelec.fr\/?product=improbable-recueil-delucubrations-variees#primaryimage"},"thumbnailUrl":"https:\/\/pierre-yves-nedelec.fr\/wp-content\/uploads\/Couverture-DTUPNQ-KDP-MM.jpg","datePublished":"2026-02-07T14:45:57+00:00","dateModified":"2026-02-07T15:27:06+00:00","description":"Improbable recueil d'\u00e9lucubrations vari\u00e9es. Pourquoi improbable ? Parce qu\u2019il n\u2019y a de lien logique, entre les textes de ce recueil de textes dr\u00f4les et de parodies, que l\u2019envie de faire rire en refusant de se soumettre \u00e0 quelque r\u00e8gle que ce soit. Pourquoi \u00e9lucubrations ? Parce qu\u2019il est difficile de trouver substantif plus ad\u00e9quat pour qualifier les diff\u00e9rents textes que regroupe ce recueil. Ce livre est \u00e0 consommer comme un tr\u00e8s bon whisky, \u00e0 petites doses, sous peine d\u2019attraper mal \u00e0 la t\u00eate.","breadcrumb":{"@id":"https:\/\/pierre-yves-nedelec.fr\/?product=improbable-recueil-delucubrations-variees#breadcrumb"},"inLanguage":"fr-FR","potentialAction":[{"@type":"ReadAction","target":["https:\/\/pierre-yves-nedelec.fr\/?product=improbable-recueil-delucubrations-variees"]}]},{"@type":"ImageObject","inLanguage":"fr-FR","@id":"https:\/\/pierre-yves-nedelec.fr\/?product=improbable-recueil-delucubrations-variees#primaryimage","url":"https:\/\/pierre-yves-nedelec.fr\/wp-content\/uploads\/Couverture-DTUPNQ-KDP-MM.jpg","contentUrl":"https:\/\/pierre-yves-nedelec.fr\/wp-content\/uploads\/Couverture-DTUPNQ-KDP-MM.jpg","width":1024,"height":788,"caption":"Couverture \"de tout un peu n'importe quoi\""},{"@type":"BreadcrumbList","@id":"https:\/\/pierre-yves-nedelec.fr\/?product=improbable-recueil-delucubrations-variees#breadcrumb","itemListElement":[{"@type":"ListItem","position":1,"name":"Accueil","item":"https:\/\/pierre-yves-nedelec.fr\/"},{"@type":"ListItem","position":2,"name":"Boutique","item":"https:\/\/pierre-yves-nedelec.fr\/?page_id=2121"},{"@type":"ListItem","position":3,"name":"De tout un peu n&rsquo;importe quoi"}]},{"@type":"WebSite","@id":"https:\/\/pierre-yves-nedelec.fr\/#website","url":"https:\/\/pierre-yves-nedelec.fr\/","name":"Pierre-Yves N\u00e9d\u00e9lec","description":"Une journ\u00e9e sans rire est une journ\u00e9e perdue","publisher":{"@id":"https:\/\/pierre-yves-nedelec.fr\/#organization"},"potentialAction":[{"@type":"SearchAction","target":{"@type":"EntryPoint","urlTemplate":"https:\/\/pierre-yves-nedelec.fr\/?s={search_term_string}"},"query-input":{"@type":"PropertyValueSpecification","valueRequired":true,"valueName":"search_term_string"}}],"inLanguage":"fr-FR"},{"@type":"Organization","@id":"https:\/\/pierre-yves-nedelec.fr\/#organization","name":"Pierre-Yves N\u00e9d\u00e9lec","url":"https:\/\/pierre-yves-nedelec.fr\/","logo":{"@type":"ImageObject","inLanguage":"fr-FR","@id":"https:\/\/pierre-yves-nedelec.fr\/#\/schema\/logo\/image\/","url":"https:\/\/pierre-yves-nedelec.fr\/wp-content\/uploads\/2023\/12\/cropped-Logo-PiN-mini.webp","contentUrl":"https:\/\/pierre-yves-nedelec.fr\/wp-content\/uploads\/2023\/12\/cropped-Logo-PiN-mini.webp","width":90,"height":80,"caption":"Pierre-Yves N\u00e9d\u00e9lec"},"image":{"@id":"https:\/\/pierre-yves-nedelec.fr\/#\/schema\/logo\/image\/"}}]}},"jetpack_sharing_enabled":true,"_links":{"self":[{"href":"https:\/\/pierre-yves-nedelec.fr\/index.php?rest_route=\/wp\/v2\/product\/2372","targetHints":{"allow":["GET"]}}],"collection":[{"href":"https:\/\/pierre-yves-nedelec.fr\/index.php?rest_route=\/wp\/v2\/product"}],"about":[{"href":"https:\/\/pierre-yves-nedelec.fr\/index.php?rest_route=\/wp\/v2\/types\/product"}],"replies":[{"embeddable":true,"href":"https:\/\/pierre-yves-nedelec.fr\/index.php?rest_route=%2Fwp%2Fv2%2Fcomments&post=2372"}],"wp:featuredmedia":[{"embeddable":true,"href":"https:\/\/pierre-yves-nedelec.fr\/index.php?rest_route=\/wp\/v2\/media\/2373"}],"wp:attachment":[{"href":"https:\/\/pierre-yves-nedelec.fr\/index.php?rest_route=%2Fwp%2Fv2%2Fmedia&parent=2372"}],"wp:term":[{"taxonomy":"product_brand","embeddable":true,"href":"https:\/\/pierre-yves-nedelec.fr\/index.php?rest_route=%2Fwp%2Fv2%2Fproduct_brand&post=2372"},{"taxonomy":"product_cat","embeddable":true,"href":"https:\/\/pierre-yves-nedelec.fr\/index.php?rest_route=%2Fwp%2Fv2%2Fproduct_cat&post=2372"},{"taxonomy":"product_tag","embeddable":true,"href":"https:\/\/pierre-yves-nedelec.fr\/index.php?rest_route=%2Fwp%2Fv2%2Fproduct_tag&post=2372"}],"curies":[{"name":"wp","href":"https:\/\/api.w.org\/{rel}","templated":true}]}}