{"id":2369,"date":"2026-02-07T15:38:29","date_gmt":"2026-02-07T14:38:29","guid":{"rendered":"https:\/\/pierre-yves-nedelec.fr\/?post_type=product&#038;p=2369"},"modified":"2026-02-07T16:16:59","modified_gmt":"2026-02-07T15:16:59","slug":"thriller-de-politique-fiction-humoristique-mais-pas-que","status":"publish","type":"product","link":"https:\/\/pierre-yves-nedelec.fr\/?product=thriller-de-politique-fiction-humoristique-mais-pas-que","title":{"rendered":"A mon corps d\u00e9fendant"},"content":{"rendered":"<figure id=\"attachment_1142\" aria-describedby=\"caption-attachment-1142\" style=\"width: 300px\" class=\"wp-caption alignnone\"><img fetchpriority=\"high\" decoding=\"async\" class=\"size-full wp-image-1142\" src=\"https:\/\/pierre-yves-nedelec.fr\/wp-content\/uploads\/2023\/12\/a-mon-corps-defendant.webp\" alt=\"Roman de politique fiction humoristique &quot;a mon corps d\u00e9fendant&quot;\" width=\"300\" height=\"461\" \/><figcaption id=\"caption-attachment-1142\" class=\"wp-caption-text\">Premi\u00e8re de couverture du roman d&rsquo;anticipation politique \u00ab\u00a0\u00e0 mon corps d\u00e9fendant\u00a0\u00bb<\/figcaption><\/figure>\n<p>Et si un certain pr\u00e9sident, quasiment persuad\u00e9 tenir son pouvoir du ciel, avait soudain l\u2019id\u00e9e de bidouiller la constitution de la cinqui\u00e8me r\u00e9publique afin de continuer \u00e0 incarner le rempart ultime contre un fascisme d\u00e9complex\u00e9 ? Notre h\u00e9ros, accompagn\u00e9 d\u2019une bande de copains de la r\u00e9gion de Quimper, manifeste r\u00e9guli\u00e8rement contre le pouvoir en place, en prenant toutefois grand soin d\u2019\u00e9viter les \u00e9chauffour\u00e9es avec les forces de l\u2019ordre. Mais un apr\u00e8s-midi de manif\u2019 ordinaire, les choses ne se passent pas comme pr\u00e9vu. Se jetant dans la bataille pour sauver une belle inconnue des griffes de gendarmes mobiles un peu nerveux, les cinq amis se trouvent, \u00e0 leur corps d\u00e9fendant, engag\u00e9s dans le combat politique. Certains dans le groupe pr\u00f4nent la voie de la l\u00e9galit\u00e9, d\u2019autres r\u00e9clament une r\u00e9volution. L\u2019intrigue prend corps en 2024 et se termine en 2029, deux ans apr\u00e8s l\u2019\u00e9lection pr\u00e9sidentielle\u2026 Voil\u00e0 la trame de ce roman de fiction politique humoristique.<\/p>\n","protected":false},"excerpt":{"rendered":"[caption id=\"attachment_2370\" align=\"alignnone\" width=\"300\"]<img decoding=\"async\" class=\"size-medium wp-image-2370\" src=\"https:\/\/pierre-yves-nedelec.fr\/wp-content\/uploads\/Couverture-AMCD-KDP-V3-MM-300x219.jpg\" alt=\"Couverture &quot;A mon corps d\u00e9fendant&quot;\" width=\"300\" height=\"219\" srcset=\"https:\/\/pierre-yves-nedelec.fr\/wp-content\/uploads\/Couverture-AMCD-KDP-V3-MM-300x219.jpg 300w, https:\/\/pierre-yves-nedelec.fr\/wp-content\/uploads\/Couverture-AMCD-KDP-V3-MM-768x560.jpg 768w, https:\/\/pierre-yves-nedelec.fr\/wp-content\/uploads\/Couverture-AMCD-KDP-V3-MM-600x437.jpg 600w, https:\/\/pierre-yves-nedelec.fr\/wp-content\/uploads\/Couverture-AMCD-KDP-V3-MM.jpg 1024w\" sizes=\"(max-width: 300px) 100vw, 300px\" \/> \u00ab\u00a0A mon corps d\u00e9fendant\u00a0\u00bb[\/caption]\n<p>Et si un certain pr\u00e9sident, quasiment persuad\u00e9 tenir son pouvoir du ciel, avait soudain l\u2019id\u00e9e de bidouiller la constitution de la cinqui\u00e8me r\u00e9publique afin de continuer \u00e0 incarner le rempart ultime contre un fascisme d\u00e9complex\u00e9 ? Notre h\u00e9ros, accompagn\u00e9 d\u2019une bande de copains de la r\u00e9gion de Quimper, manifeste r\u00e9guli\u00e8rement contre le pouvoir en place, en prenant toutefois grand soin d\u2019\u00e9viter les \u00e9chauffour\u00e9es avec les forces de l\u2019ordre. Mais un apr\u00e8s-midi de manif\u2019 ordinaire, les choses ne se passent pas comme pr\u00e9vu. Se jetant dans la bataille pour sauver une belle inconnue des griffes de gendarmes mobiles un peu nerveux, les cinq amis se trouvent, \u00e0 leur corps d\u00e9fendant, engag\u00e9s dans le combat politique. Certains dans le groupe pr\u00f4nent la voie de la l\u00e9galit\u00e9, d\u2019autres r\u00e9clament une r\u00e9volution. L\u2019intrigue prend corps en 2024 et se termine en 2029, deux ans apr\u00e8s l\u2019\u00e9lection pr\u00e9sidentielle\u2026 Voil\u00e0 la trame de ce roman de fiction politique humoristique.<\/p>\n<p>294 pages<\/p>\n","protected":false},"featured_media":2370,"comment_status":"open","ping_status":"closed","template":"","meta":{"site-sidebar-layout":"left-sidebar","site-content-layout":"","ast-site-content-layout":"normal-width-container","site-content-style":"boxed","site-sidebar-style":"boxed","ast-global-header-display":"","ast-banner-title-visibility":"","ast-main-header-display":"","ast-hfb-above-header-display":"","ast-hfb-below-header-display":"","ast-hfb-mobile-header-display":"","site-post-title":"","ast-breadcrumbs-content":"","ast-featured-img":"","footer-sml-layout":"","ast-disable-related-posts":"","theme-transparent-header-meta":"default","adv-header-id-meta":"","stick-header-meta":"","header-above-stick-meta":"","header-main-stick-meta":"","header-below-stick-meta":"","astra-migrate-meta-layouts":"set","ast-page-background-enabled":"default","ast-page-background-meta":{"desktop":{"background-color":"var(--ast-global-color-4)","background-image":"","background-repeat":"repeat","background-position":"center center","background-size":"auto","background-attachment":"scroll","background-type":"","background-media":"","overlay-type":"","overlay-color":"","overlay-opacity":"","overlay-gradient":""},"tablet":{"background-color":"","background-image":"","background-repeat":"repeat","background-position":"center center","background-size":"auto","background-attachment":"scroll","background-type":"","background-media":"","overlay-type":"","overlay-color":"","overlay-opacity":"","overlay-gradient":""},"mobile":{"background-color":"","background-image":"","background-repeat":"repeat","background-position":"center center","background-size":"auto","background-attachment":"scroll","background-type":"","background-media":"","overlay-type":"","overlay-color":"","overlay-opacity":"","overlay-gradient":""}},"ast-content-background-meta":{"desktop":{"background-color":"var(--ast-global-color-5)","background-image":"","background-repeat":"repeat","background-position":"center center","background-size":"auto","background-attachment":"scroll","background-type":"","background-media":"","overlay-type":"","overlay-color":"","overlay-opacity":"","overlay-gradient":""},"tablet":{"background-color":"var(--ast-global-color-5)","background-image":"","background-repeat":"repeat","background-position":"center center","background-size":"auto","background-attachment":"scroll","background-type":"","background-media":"","overlay-type":"","overlay-color":"","overlay-opacity":"","overlay-gradient":""},"mobile":{"background-color":"var(--ast-global-color-5)","background-image":"","background-repeat":"repeat","background-position":"center center","background-size":"auto","background-attachment":"scroll","background-type":"","background-media":"","overlay-type":"","overlay-color":"","overlay-opacity":"","overlay-gradient":""}}},"product_brand":[],"product_cat":[88],"product_tag":[],"class_list":{"0":"post-2369","1":"product","2":"type-product","3":"status-publish","4":"has-post-thumbnail","6":"product_cat-roman-danticipation","7":"desktop-align-left","8":"tablet-align-left","9":"mobile-align-left","11":"first","12":"instock","13":"shipping-taxable","14":"purchasable","15":"product-type-simple"},"yoast_head":"<!-- This site is optimized with the Yoast SEO plugin v27.3 - https:\/\/yoast.com\/product\/yoast-seo-wordpress\/ -->\n<title>A mon corps d\u00e9fendant - Pierre-Yves N\u00e9d\u00e9lec<\/title>\n<meta name=\"description\" content=\"Et si un certain pr\u00e9sident, quasiment persuad\u00e9 tenir son pouvoir du ciel, avait soudain l\u2019id\u00e9e de bidouiller la constitution de la cinqui\u00e8me r\u00e9publique afin de continuer \u00e0 incarner le rempart ultime contre un fascisme d\u00e9complex\u00e9 ? Notre h\u00e9ros, accompagn\u00e9 d\u2019une bande de copains de la r\u00e9gion de Quimper, manifeste r\u00e9guli\u00e8rement contre le pouvoir en place, en prenant toutefois grand soin d\u2019\u00e9viter les \u00e9chauffour\u00e9es avec les forces de l\u2019ordre. Mais un apr\u00e8s-midi de manif\u2019 ordinaire, les choses ne se passent pas comme pr\u00e9vu. Se jetant dans la bataille pour sauver une belle inconnue des griffes de gendarmes mobiles un peu nerveux, les cinq amis se trouvent, \u00e0 leur corps d\u00e9fendant, engag\u00e9s dans le combat politique. Certains dans le groupe pr\u00f4nent la voie de la l\u00e9galit\u00e9, d\u2019autres r\u00e9clament une r\u00e9volution. L\u2019intrigue prend corps en 2024 et se termine en 2029, deux ans apr\u00e8s l\u2019\u00e9lection pr\u00e9sidentielle\u2026 Voil\u00e0 la trame de ce roman de fiction politique humoristique.\" \/>\n<meta name=\"robots\" content=\"index, follow, max-snippet:-1, max-image-preview:large, max-video-preview:-1\" \/>\n<link rel=\"canonical\" href=\"https:\/\/pierre-yves-nedelec.fr\/?product=thriller-de-politique-fiction-humoristique-mais-pas-que\" \/>\n<meta property=\"og:locale\" content=\"fr_FR\" \/>\n<meta property=\"og:type\" content=\"article\" \/>\n<meta property=\"og:title\" content=\"A mon corps d\u00e9fendant - Pierre-Yves N\u00e9d\u00e9lec\" \/>\n<meta property=\"og:description\" content=\"Et si un certain pr\u00e9sident, quasiment persuad\u00e9 tenir son pouvoir du ciel, avait soudain l\u2019id\u00e9e de bidouiller la constitution de la cinqui\u00e8me r\u00e9publique afin de continuer \u00e0 incarner le rempart ultime contre un fascisme d\u00e9complex\u00e9 ? Notre h\u00e9ros, accompagn\u00e9 d\u2019une bande de copains de la r\u00e9gion de Quimper, manifeste r\u00e9guli\u00e8rement contre le pouvoir en place, en prenant toutefois grand soin d\u2019\u00e9viter les \u00e9chauffour\u00e9es avec les forces de l\u2019ordre. Mais un apr\u00e8s-midi de manif\u2019 ordinaire, les choses ne se passent pas comme pr\u00e9vu. Se jetant dans la bataille pour sauver une belle inconnue des griffes de gendarmes mobiles un peu nerveux, les cinq amis se trouvent, \u00e0 leur corps d\u00e9fendant, engag\u00e9s dans le combat politique. Certains dans le groupe pr\u00f4nent la voie de la l\u00e9galit\u00e9, d\u2019autres r\u00e9clament une r\u00e9volution. L\u2019intrigue prend corps en 2024 et se termine en 2029, deux ans apr\u00e8s l\u2019\u00e9lection pr\u00e9sidentielle\u2026 Voil\u00e0 la trame de ce roman de fiction politique humoristique.\" \/>\n<meta property=\"og:url\" content=\"https:\/\/pierre-yves-nedelec.fr\/?product=thriller-de-politique-fiction-humoristique-mais-pas-que\" \/>\n<meta property=\"og:site_name\" content=\"Pierre-Yves N\u00e9d\u00e9lec\" \/>\n<meta property=\"article:modified_time\" content=\"2026-02-07T15:16:59+00:00\" \/>\n<meta property=\"og:image\" content=\"https:\/\/pierre-yves-nedelec.fr\/wp-content\/uploads\/Couverture-AMCD-KDP-V3-MM.jpg\" \/>\n\t<meta property=\"og:image:width\" content=\"1024\" \/>\n\t<meta property=\"og:image:height\" content=\"746\" \/>\n\t<meta property=\"og:image:type\" content=\"image\/jpeg\" \/>\n<meta name=\"twitter:card\" content=\"summary_large_image\" \/>\n<meta name=\"twitter:label1\" content=\"Dur\u00e9e de lecture estim\u00e9e\" \/>\n\t<meta name=\"twitter:data1\" content=\"2 minutes\" \/>\n<script type=\"application\/ld+json\" class=\"yoast-schema-graph\">{\"@context\":\"https:\\\/\\\/schema.org\",\"@graph\":[{\"@type\":\"WebPage\",\"@id\":\"https:\\\/\\\/pierre-yves-nedelec.fr\\\/?product=thriller-de-politique-fiction-humoristique-mais-pas-que\",\"url\":\"https:\\\/\\\/pierre-yves-nedelec.fr\\\/?product=thriller-de-politique-fiction-humoristique-mais-pas-que\",\"name\":\"A mon corps d\u00e9fendant - Pierre-Yves N\u00e9d\u00e9lec\",\"isPartOf\":{\"@id\":\"https:\\\/\\\/pierre-yves-nedelec.fr\\\/#website\"},\"primaryImageOfPage\":{\"@id\":\"https:\\\/\\\/pierre-yves-nedelec.fr\\\/?product=thriller-de-politique-fiction-humoristique-mais-pas-que#primaryimage\"},\"image\":{\"@id\":\"https:\\\/\\\/pierre-yves-nedelec.fr\\\/?product=thriller-de-politique-fiction-humoristique-mais-pas-que#primaryimage\"},\"thumbnailUrl\":\"https:\\\/\\\/pierre-yves-nedelec.fr\\\/wp-content\\\/uploads\\\/Couverture-AMCD-KDP-V3-MM.jpg\",\"datePublished\":\"2026-02-07T14:38:29+00:00\",\"dateModified\":\"2026-02-07T15:16:59+00:00\",\"description\":\"Et si un certain pr\u00e9sident, quasiment persuad\u00e9 tenir son pouvoir du ciel, avait soudain l\u2019id\u00e9e de bidouiller la constitution de la cinqui\u00e8me r\u00e9publique afin de continuer \u00e0 incarner le rempart ultime contre un fascisme d\u00e9complex\u00e9 ? Notre h\u00e9ros, accompagn\u00e9 d\u2019une bande de copains de la r\u00e9gion de Quimper, manifeste r\u00e9guli\u00e8rement contre le pouvoir en place, en prenant toutefois grand soin d\u2019\u00e9viter les \u00e9chauffour\u00e9es avec les forces de l\u2019ordre. Mais un apr\u00e8s-midi de manif\u2019 ordinaire, les choses ne se passent pas comme pr\u00e9vu. Se jetant dans la bataille pour sauver une belle inconnue des griffes de gendarmes mobiles un peu nerveux, les cinq amis se trouvent, \u00e0 leur corps d\u00e9fendant, engag\u00e9s dans le combat politique. Certains dans le groupe pr\u00f4nent la voie de la l\u00e9galit\u00e9, d\u2019autres r\u00e9clament une r\u00e9volution. L\u2019intrigue prend corps en 2024 et se termine en 2029, deux ans apr\u00e8s l\u2019\u00e9lection pr\u00e9sidentielle\u2026 Voil\u00e0 la trame de ce roman de fiction politique humoristique.\",\"breadcrumb\":{\"@id\":\"https:\\\/\\\/pierre-yves-nedelec.fr\\\/?product=thriller-de-politique-fiction-humoristique-mais-pas-que#breadcrumb\"},\"inLanguage\":\"fr-FR\",\"potentialAction\":[{\"@type\":\"ReadAction\",\"target\":[\"https:\\\/\\\/pierre-yves-nedelec.fr\\\/?product=thriller-de-politique-fiction-humoristique-mais-pas-que\"]}]},{\"@type\":\"ImageObject\",\"inLanguage\":\"fr-FR\",\"@id\":\"https:\\\/\\\/pierre-yves-nedelec.fr\\\/?product=thriller-de-politique-fiction-humoristique-mais-pas-que#primaryimage\",\"url\":\"https:\\\/\\\/pierre-yves-nedelec.fr\\\/wp-content\\\/uploads\\\/Couverture-AMCD-KDP-V3-MM.jpg\",\"contentUrl\":\"https:\\\/\\\/pierre-yves-nedelec.fr\\\/wp-content\\\/uploads\\\/Couverture-AMCD-KDP-V3-MM.jpg\",\"width\":1024,\"height\":746,\"caption\":\"Couverture \\\"A mon corps d\u00e9fendant\\\"\"},{\"@type\":\"BreadcrumbList\",\"@id\":\"https:\\\/\\\/pierre-yves-nedelec.fr\\\/?product=thriller-de-politique-fiction-humoristique-mais-pas-que#breadcrumb\",\"itemListElement\":[{\"@type\":\"ListItem\",\"position\":1,\"name\":\"Accueil\",\"item\":\"https:\\\/\\\/pierre-yves-nedelec.fr\\\/\"},{\"@type\":\"ListItem\",\"position\":2,\"name\":\"Boutique\",\"item\":\"https:\\\/\\\/pierre-yves-nedelec.fr\\\/?page_id=2121\"},{\"@type\":\"ListItem\",\"position\":3,\"name\":\"A mon corps d\u00e9fendant\"}]},{\"@type\":\"WebSite\",\"@id\":\"https:\\\/\\\/pierre-yves-nedelec.fr\\\/#website\",\"url\":\"https:\\\/\\\/pierre-yves-nedelec.fr\\\/\",\"name\":\"Pierre-Yves N\u00e9d\u00e9lec\",\"description\":\"Une journ\u00e9e sans rire est une journ\u00e9e perdue\",\"publisher\":{\"@id\":\"https:\\\/\\\/pierre-yves-nedelec.fr\\\/#organization\"},\"potentialAction\":[{\"@type\":\"SearchAction\",\"target\":{\"@type\":\"EntryPoint\",\"urlTemplate\":\"https:\\\/\\\/pierre-yves-nedelec.fr\\\/?s={search_term_string}\"},\"query-input\":{\"@type\":\"PropertyValueSpecification\",\"valueRequired\":true,\"valueName\":\"search_term_string\"}}],\"inLanguage\":\"fr-FR\"},{\"@type\":\"Organization\",\"@id\":\"https:\\\/\\\/pierre-yves-nedelec.fr\\\/#organization\",\"name\":\"Pierre-Yves N\u00e9d\u00e9lec\",\"url\":\"https:\\\/\\\/pierre-yves-nedelec.fr\\\/\",\"logo\":{\"@type\":\"ImageObject\",\"inLanguage\":\"fr-FR\",\"@id\":\"https:\\\/\\\/pierre-yves-nedelec.fr\\\/#\\\/schema\\\/logo\\\/image\\\/\",\"url\":\"https:\\\/\\\/pierre-yves-nedelec.fr\\\/wp-content\\\/uploads\\\/2023\\\/12\\\/cropped-Logo-PiN-mini.webp\",\"contentUrl\":\"https:\\\/\\\/pierre-yves-nedelec.fr\\\/wp-content\\\/uploads\\\/2023\\\/12\\\/cropped-Logo-PiN-mini.webp\",\"width\":90,\"height\":80,\"caption\":\"Pierre-Yves N\u00e9d\u00e9lec\"},\"image\":{\"@id\":\"https:\\\/\\\/pierre-yves-nedelec.fr\\\/#\\\/schema\\\/logo\\\/image\\\/\"}}]}<\/script>\n<!-- \/ Yoast SEO plugin. -->","yoast_head_json":{"title":"A mon corps d\u00e9fendant - Pierre-Yves N\u00e9d\u00e9lec","description":"Et si un certain pr\u00e9sident, quasiment persuad\u00e9 tenir son pouvoir du ciel, avait soudain l\u2019id\u00e9e de bidouiller la constitution de la cinqui\u00e8me r\u00e9publique afin de continuer \u00e0 incarner le rempart ultime contre un fascisme d\u00e9complex\u00e9 ? Notre h\u00e9ros, accompagn\u00e9 d\u2019une bande de copains de la r\u00e9gion de Quimper, manifeste r\u00e9guli\u00e8rement contre le pouvoir en place, en prenant toutefois grand soin d\u2019\u00e9viter les \u00e9chauffour\u00e9es avec les forces de l\u2019ordre. Mais un apr\u00e8s-midi de manif\u2019 ordinaire, les choses ne se passent pas comme pr\u00e9vu. Se jetant dans la bataille pour sauver une belle inconnue des griffes de gendarmes mobiles un peu nerveux, les cinq amis se trouvent, \u00e0 leur corps d\u00e9fendant, engag\u00e9s dans le combat politique. Certains dans le groupe pr\u00f4nent la voie de la l\u00e9galit\u00e9, d\u2019autres r\u00e9clament une r\u00e9volution. L\u2019intrigue prend corps en 2024 et se termine en 2029, deux ans apr\u00e8s l\u2019\u00e9lection pr\u00e9sidentielle\u2026 Voil\u00e0 la trame de ce roman de fiction politique humoristique.","robots":{"index":"index","follow":"follow","max-snippet":"max-snippet:-1","max-image-preview":"max-image-preview:large","max-video-preview":"max-video-preview:-1"},"canonical":"https:\/\/pierre-yves-nedelec.fr\/?product=thriller-de-politique-fiction-humoristique-mais-pas-que","og_locale":"fr_FR","og_type":"article","og_title":"A mon corps d\u00e9fendant - Pierre-Yves N\u00e9d\u00e9lec","og_description":"Et si un certain pr\u00e9sident, quasiment persuad\u00e9 tenir son pouvoir du ciel, avait soudain l\u2019id\u00e9e de bidouiller la constitution de la cinqui\u00e8me r\u00e9publique afin de continuer \u00e0 incarner le rempart ultime contre un fascisme d\u00e9complex\u00e9 ? Notre h\u00e9ros, accompagn\u00e9 d\u2019une bande de copains de la r\u00e9gion de Quimper, manifeste r\u00e9guli\u00e8rement contre le pouvoir en place, en prenant toutefois grand soin d\u2019\u00e9viter les \u00e9chauffour\u00e9es avec les forces de l\u2019ordre. Mais un apr\u00e8s-midi de manif\u2019 ordinaire, les choses ne se passent pas comme pr\u00e9vu. Se jetant dans la bataille pour sauver une belle inconnue des griffes de gendarmes mobiles un peu nerveux, les cinq amis se trouvent, \u00e0 leur corps d\u00e9fendant, engag\u00e9s dans le combat politique. Certains dans le groupe pr\u00f4nent la voie de la l\u00e9galit\u00e9, d\u2019autres r\u00e9clament une r\u00e9volution. L\u2019intrigue prend corps en 2024 et se termine en 2029, deux ans apr\u00e8s l\u2019\u00e9lection pr\u00e9sidentielle\u2026 Voil\u00e0 la trame de ce roman de fiction politique humoristique.","og_url":"https:\/\/pierre-yves-nedelec.fr\/?product=thriller-de-politique-fiction-humoristique-mais-pas-que","og_site_name":"Pierre-Yves N\u00e9d\u00e9lec","article_modified_time":"2026-02-07T15:16:59+00:00","og_image":[{"width":1024,"height":746,"url":"https:\/\/pierre-yves-nedelec.fr\/wp-content\/uploads\/Couverture-AMCD-KDP-V3-MM.jpg","type":"image\/jpeg"}],"twitter_card":"summary_large_image","twitter_misc":{"Dur\u00e9e de lecture estim\u00e9e":"2 minutes"},"schema":{"@context":"https:\/\/schema.org","@graph":[{"@type":"WebPage","@id":"https:\/\/pierre-yves-nedelec.fr\/?product=thriller-de-politique-fiction-humoristique-mais-pas-que","url":"https:\/\/pierre-yves-nedelec.fr\/?product=thriller-de-politique-fiction-humoristique-mais-pas-que","name":"A mon corps d\u00e9fendant - Pierre-Yves N\u00e9d\u00e9lec","isPartOf":{"@id":"https:\/\/pierre-yves-nedelec.fr\/#website"},"primaryImageOfPage":{"@id":"https:\/\/pierre-yves-nedelec.fr\/?product=thriller-de-politique-fiction-humoristique-mais-pas-que#primaryimage"},"image":{"@id":"https:\/\/pierre-yves-nedelec.fr\/?product=thriller-de-politique-fiction-humoristique-mais-pas-que#primaryimage"},"thumbnailUrl":"https:\/\/pierre-yves-nedelec.fr\/wp-content\/uploads\/Couverture-AMCD-KDP-V3-MM.jpg","datePublished":"2026-02-07T14:38:29+00:00","dateModified":"2026-02-07T15:16:59+00:00","description":"Et si un certain pr\u00e9sident, quasiment persuad\u00e9 tenir son pouvoir du ciel, avait soudain l\u2019id\u00e9e de bidouiller la constitution de la cinqui\u00e8me r\u00e9publique afin de continuer \u00e0 incarner le rempart ultime contre un fascisme d\u00e9complex\u00e9 ? Notre h\u00e9ros, accompagn\u00e9 d\u2019une bande de copains de la r\u00e9gion de Quimper, manifeste r\u00e9guli\u00e8rement contre le pouvoir en place, en prenant toutefois grand soin d\u2019\u00e9viter les \u00e9chauffour\u00e9es avec les forces de l\u2019ordre. Mais un apr\u00e8s-midi de manif\u2019 ordinaire, les choses ne se passent pas comme pr\u00e9vu. Se jetant dans la bataille pour sauver une belle inconnue des griffes de gendarmes mobiles un peu nerveux, les cinq amis se trouvent, \u00e0 leur corps d\u00e9fendant, engag\u00e9s dans le combat politique. Certains dans le groupe pr\u00f4nent la voie de la l\u00e9galit\u00e9, d\u2019autres r\u00e9clament une r\u00e9volution. L\u2019intrigue prend corps en 2024 et se termine en 2029, deux ans apr\u00e8s l\u2019\u00e9lection pr\u00e9sidentielle\u2026 Voil\u00e0 la trame de ce roman de fiction politique humoristique.","breadcrumb":{"@id":"https:\/\/pierre-yves-nedelec.fr\/?product=thriller-de-politique-fiction-humoristique-mais-pas-que#breadcrumb"},"inLanguage":"fr-FR","potentialAction":[{"@type":"ReadAction","target":["https:\/\/pierre-yves-nedelec.fr\/?product=thriller-de-politique-fiction-humoristique-mais-pas-que"]}]},{"@type":"ImageObject","inLanguage":"fr-FR","@id":"https:\/\/pierre-yves-nedelec.fr\/?product=thriller-de-politique-fiction-humoristique-mais-pas-que#primaryimage","url":"https:\/\/pierre-yves-nedelec.fr\/wp-content\/uploads\/Couverture-AMCD-KDP-V3-MM.jpg","contentUrl":"https:\/\/pierre-yves-nedelec.fr\/wp-content\/uploads\/Couverture-AMCD-KDP-V3-MM.jpg","width":1024,"height":746,"caption":"Couverture \"A mon corps d\u00e9fendant\""},{"@type":"BreadcrumbList","@id":"https:\/\/pierre-yves-nedelec.fr\/?product=thriller-de-politique-fiction-humoristique-mais-pas-que#breadcrumb","itemListElement":[{"@type":"ListItem","position":1,"name":"Accueil","item":"https:\/\/pierre-yves-nedelec.fr\/"},{"@type":"ListItem","position":2,"name":"Boutique","item":"https:\/\/pierre-yves-nedelec.fr\/?page_id=2121"},{"@type":"ListItem","position":3,"name":"A mon corps d\u00e9fendant"}]},{"@type":"WebSite","@id":"https:\/\/pierre-yves-nedelec.fr\/#website","url":"https:\/\/pierre-yves-nedelec.fr\/","name":"Pierre-Yves N\u00e9d\u00e9lec","description":"Une journ\u00e9e sans rire est une journ\u00e9e perdue","publisher":{"@id":"https:\/\/pierre-yves-nedelec.fr\/#organization"},"potentialAction":[{"@type":"SearchAction","target":{"@type":"EntryPoint","urlTemplate":"https:\/\/pierre-yves-nedelec.fr\/?s={search_term_string}"},"query-input":{"@type":"PropertyValueSpecification","valueRequired":true,"valueName":"search_term_string"}}],"inLanguage":"fr-FR"},{"@type":"Organization","@id":"https:\/\/pierre-yves-nedelec.fr\/#organization","name":"Pierre-Yves N\u00e9d\u00e9lec","url":"https:\/\/pierre-yves-nedelec.fr\/","logo":{"@type":"ImageObject","inLanguage":"fr-FR","@id":"https:\/\/pierre-yves-nedelec.fr\/#\/schema\/logo\/image\/","url":"https:\/\/pierre-yves-nedelec.fr\/wp-content\/uploads\/2023\/12\/cropped-Logo-PiN-mini.webp","contentUrl":"https:\/\/pierre-yves-nedelec.fr\/wp-content\/uploads\/2023\/12\/cropped-Logo-PiN-mini.webp","width":90,"height":80,"caption":"Pierre-Yves N\u00e9d\u00e9lec"},"image":{"@id":"https:\/\/pierre-yves-nedelec.fr\/#\/schema\/logo\/image\/"}}]}},"jetpack_sharing_enabled":true,"_links":{"self":[{"href":"https:\/\/pierre-yves-nedelec.fr\/index.php?rest_route=\/wp\/v2\/product\/2369","targetHints":{"allow":["GET"]}}],"collection":[{"href":"https:\/\/pierre-yves-nedelec.fr\/index.php?rest_route=\/wp\/v2\/product"}],"about":[{"href":"https:\/\/pierre-yves-nedelec.fr\/index.php?rest_route=\/wp\/v2\/types\/product"}],"replies":[{"embeddable":true,"href":"https:\/\/pierre-yves-nedelec.fr\/index.php?rest_route=%2Fwp%2Fv2%2Fcomments&post=2369"}],"wp:featuredmedia":[{"embeddable":true,"href":"https:\/\/pierre-yves-nedelec.fr\/index.php?rest_route=\/wp\/v2\/media\/2370"}],"wp:attachment":[{"href":"https:\/\/pierre-yves-nedelec.fr\/index.php?rest_route=%2Fwp%2Fv2%2Fmedia&parent=2369"}],"wp:term":[{"taxonomy":"product_brand","embeddable":true,"href":"https:\/\/pierre-yves-nedelec.fr\/index.php?rest_route=%2Fwp%2Fv2%2Fproduct_brand&post=2369"},{"taxonomy":"product_cat","embeddable":true,"href":"https:\/\/pierre-yves-nedelec.fr\/index.php?rest_route=%2Fwp%2Fv2%2Fproduct_cat&post=2369"},{"taxonomy":"product_tag","embeddable":true,"href":"https:\/\/pierre-yves-nedelec.fr\/index.php?rest_route=%2Fwp%2Fv2%2Fproduct_tag&post=2369"}],"curies":[{"name":"wp","href":"https:\/\/api.w.org\/{rel}","templated":true}]}}