{"id":2359,"date":"2026-02-06T18:26:30","date_gmt":"2026-02-06T17:26:30","guid":{"rendered":"https:\/\/pierre-yves-nedelec.fr\/?post_type=product&#038;p=2359"},"modified":"2026-02-07T16:19:31","modified_gmt":"2026-02-07T15:19:31","slug":"polar-noir-a-tendance-parodique-affirmee","status":"publish","type":"product","link":"https:\/\/pierre-yves-nedelec.fr\/?product=polar-noir-a-tendance-parodique-affirmee","title":{"rendered":"Le saigneur des agneaux"},"content":{"rendered":"<figure id=\"attachment_1145\" aria-describedby=\"caption-attachment-1145\" style=\"width: 300px\" class=\"wp-caption alignnone\"><img fetchpriority=\"high\" decoding=\"async\" class=\"size-full wp-image-1145\" src=\"https:\/\/pierre-yves-nedelec.fr\/wp-content\/uploads\/2023\/12\/le-saigneur-des-agneaux.webp\" alt=\"Le polar noir humoristique &quot;Le Saigneur des Agneaux&quot;\" width=\"300\" height=\"484\" \/><figcaption id=\"caption-attachment-1145\" class=\"wp-caption-text\">\u00ab\u00a0le saigneur des agneaux\u00a0\u00bb \u00a0polar noir humoristique<\/figcaption><\/figure>\n<div class=\"elementor-element elementor-element-d258333 e-flex e-con-boxed e-con e-parent e-lazyloaded\" data-id=\"d258333\" data-element_type=\"container\">\n<div class=\"e-con-inner\">\n<div class=\"elementor-element elementor-element-ea64bfb elementor-widget elementor-widget-text-editor\" data-id=\"ea64bfb\" data-element_type=\"widget\" data-widget_type=\"text-editor.default\">\n<div class=\"elementor-widget-container\">\n<p>L\u2019histoire se tient au c\u0153ur de la Brigade Criminelle de Paris. Pierre S\u00e9n\u00e9chal, un commandant de police \u00e2g\u00e9 d\u2019une cinquantaine d\u2019ann\u00e9es, voit avec inqui\u00e9tude son vieux commissaire partir \u00e0 la retraite, et \u00eatre remplac\u00e9 par un homme beaucoup plus jeune, au caract\u00e8re rigide, d\u00e9cid\u00e9 \u00e0 r\u00e9volutionner les m\u00e9thodes de travail de son groupe. Un meurtre particuli\u00e8rement horrible va voir se confronter deux fa\u00e7ons de fonctionner diam\u00e9tralement oppos\u00e9es.<\/p>\n<p>L\u2019histoire est racont\u00e9e \u00e0 la premi\u00e8re personne par S\u00e9n\u00e9chal lui-m\u00eame. C\u2019est le proc\u00e9d\u00e9 utilis\u00e9 par Fr\u00e9d\u00e9ric Dard dans San-Antonio, dont je suis orphelin. Ce mode r\u00e9dactionnel permet de cr\u00e9er une proximit\u00e9, voire une complicit\u00e9, avec le lecteur. Il est aussi et surtout l\u2019outil privil\u00e9gi\u00e9 pour faire glisser ce roman policier dans la cat\u00e9gorie des polars noirs humoristiques, \u00e0 ne pas glisser entre des mains par trop innocentes, malgr\u00e9 tout.<\/p>\n<\/div>\n<\/div>\n<\/div>\n<\/div>\n","protected":false},"excerpt":{"rendered":"[caption id=\"attachment_2365\" align=\"alignnone\" width=\"300\"]<img decoding=\"async\" class=\"size-medium wp-image-2365\" src=\"https:\/\/pierre-yves-nedelec.fr\/wp-content\/uploads\/Couverture-LSDA-KDP-Serie-1-MM-300x227.jpg\" alt=\"Le saigneur des agneaux\" width=\"300\" height=\"227\" srcset=\"https:\/\/pierre-yves-nedelec.fr\/wp-content\/uploads\/Couverture-LSDA-KDP-Serie-1-MM-300x227.jpg 300w, https:\/\/pierre-yves-nedelec.fr\/wp-content\/uploads\/Couverture-LSDA-KDP-Serie-1-MM-768x581.jpg 768w, https:\/\/pierre-yves-nedelec.fr\/wp-content\/uploads\/Couverture-LSDA-KDP-Serie-1-MM-600x454.jpg 600w, https:\/\/pierre-yves-nedelec.fr\/wp-content\/uploads\/Couverture-LSDA-KDP-Serie-1-MM.jpg 1024w\" sizes=\"(max-width: 300px) 100vw, 300px\" \/> \u00a0 \u00a0 \u00a0 \u00a0 \u00a0 \u00a0 \u00a0 \u00a0\u00ab\u00a0le saigneur des agneaux\u00a0\u00bb[\/caption]\n<p>L\u2019histoire se tient au c\u0153ur de la Brigade Criminelle de Paris. Pierre S\u00e9n\u00e9chal, un commandant de police \u00e2g\u00e9 d\u2019une cinquantaine d\u2019ann\u00e9es, voit avec inqui\u00e9tude son vieux commissaire partir \u00e0 la retraite, et \u00eatre remplac\u00e9 par un homme beaucoup plus jeune, au caract\u00e8re rigide, d\u00e9cid\u00e9 \u00e0 r\u00e9volutionner les m\u00e9thodes de travail de son groupe. Un meurtre particuli\u00e8rement horrible va voir se confronter deux fa\u00e7ons de fonctionner diam\u00e9tralement oppos\u00e9es.L\u2019histoire est racont\u00e9e \u00e0 la premi\u00e8re personne par S\u00e9n\u00e9chal lui-m\u00eame. C\u2019est le proc\u00e9d\u00e9 utilis\u00e9 par Fr\u00e9d\u00e9ric Dard dans San-Antonio, dont je suis orphelin. Ce mode r\u00e9dactionnel permet de cr\u00e9er une proximit\u00e9, voire une complicit\u00e9, avec le lecteur. Il est aussi et surtout l\u2019outil privil\u00e9gi\u00e9 pour faire glisser ce roman policier dans la cat\u00e9gorie des polars noirs humoristiques, \u00e0 ne pas glisser entre des mains par trop innocentes, malgr\u00e9 tout.<\/p>\n<p>204 pages<\/p>\n","protected":false},"featured_media":2365,"comment_status":"open","ping_status":"closed","template":"","meta":{"site-sidebar-layout":"left-sidebar","site-content-layout":"","ast-site-content-layout":"normal-width-container","site-content-style":"boxed","site-sidebar-style":"boxed","ast-global-header-display":"","ast-banner-title-visibility":"","ast-main-header-display":"","ast-hfb-above-header-display":"","ast-hfb-below-header-display":"","ast-hfb-mobile-header-display":"","site-post-title":"","ast-breadcrumbs-content":"","ast-featured-img":"","footer-sml-layout":"","ast-disable-related-posts":"","theme-transparent-header-meta":"default","adv-header-id-meta":"","stick-header-meta":"","header-above-stick-meta":"","header-main-stick-meta":"","header-below-stick-meta":"","astra-migrate-meta-layouts":"set","ast-page-background-enabled":"default","ast-page-background-meta":{"desktop":{"background-color":"var(--ast-global-color-4)","background-image":"","background-repeat":"repeat","background-position":"center center","background-size":"auto","background-attachment":"scroll","background-type":"","background-media":"","overlay-type":"","overlay-color":"","overlay-opacity":"","overlay-gradient":""},"tablet":{"background-color":"","background-image":"","background-repeat":"repeat","background-position":"center center","background-size":"auto","background-attachment":"scroll","background-type":"","background-media":"","overlay-type":"","overlay-color":"","overlay-opacity":"","overlay-gradient":""},"mobile":{"background-color":"","background-image":"","background-repeat":"repeat","background-position":"center center","background-size":"auto","background-attachment":"scroll","background-type":"","background-media":"","overlay-type":"","overlay-color":"","overlay-opacity":"","overlay-gradient":""}},"ast-content-background-meta":{"desktop":{"background-color":"var(--ast-global-color-5)","background-image":"","background-repeat":"repeat","background-position":"center center","background-size":"auto","background-attachment":"scroll","background-type":"","background-media":"","overlay-type":"","overlay-color":"","overlay-opacity":"","overlay-gradient":""},"tablet":{"background-color":"var(--ast-global-color-5)","background-image":"","background-repeat":"repeat","background-position":"center center","background-size":"auto","background-attachment":"scroll","background-type":"","background-media":"","overlay-type":"","overlay-color":"","overlay-opacity":"","overlay-gradient":""},"mobile":{"background-color":"var(--ast-global-color-5)","background-image":"","background-repeat":"repeat","background-position":"center center","background-size":"auto","background-attachment":"scroll","background-type":"","background-media":"","overlay-type":"","overlay-color":"","overlay-opacity":"","overlay-gradient":""}}},"product_brand":[],"product_cat":[86],"product_tag":[],"class_list":{"0":"post-2359","1":"product","2":"type-product","3":"status-publish","4":"has-post-thumbnail","6":"product_cat-polar-parodique","7":"desktop-align-left","8":"tablet-align-left","9":"mobile-align-left","11":"first","12":"instock","13":"shipping-taxable","14":"purchasable","15":"product-type-simple"},"yoast_head":"<!-- This site is optimized with the Yoast SEO plugin v27.3 - https:\/\/yoast.com\/product\/yoast-seo-wordpress\/ -->\n<title>Le saigneur des agneaux<\/title>\n<meta name=\"description\" content=\"L\u2019histoire se tient au c\u0153ur de la Brigade Criminelle de Paris. Pierre S\u00e9n\u00e9chal, un commandant de police \u00e2g\u00e9 d\u2019une cinquantaine d\u2019ann\u00e9es, voit avec inqui\u00e9tude son vieux commissaire partir \u00e0 la retraite, et \u00eatre remplac\u00e9 par un homme beaucoup plus jeune, au caract\u00e8re rigide, d\u00e9cid\u00e9 \u00e0 r\u00e9volutionner les m\u00e9thodes de travail de son groupe. Un meurtre particuli\u00e8rement horrible va voir se confronter deux fa\u00e7ons de fonctionner diam\u00e9tralement oppos\u00e9es.L\u2019histoire est racont\u00e9e \u00e0 la premi\u00e8re personne par S\u00e9n\u00e9chal lui-m\u00eame. C\u2019est le proc\u00e9d\u00e9 utilis\u00e9 par Fr\u00e9d\u00e9ric Dard dans San-Antonio, dont je suis orphelin. Ce mode r\u00e9dactionnel permet de cr\u00e9er une proximit\u00e9, voire une complicit\u00e9, avec le lecteur. Il est aussi et surtout l\u2019outil privil\u00e9gi\u00e9 pour faire glisser ce roman policier dans la cat\u00e9gorie des polars noirs humoristiques, \u00e0 ne pas glisser entre des mains par trop innocentes, malgr\u00e9 tout.\" \/>\n<meta name=\"robots\" content=\"index, follow, max-snippet:-1, max-image-preview:large, max-video-preview:-1\" \/>\n<link rel=\"canonical\" href=\"https:\/\/pierre-yves-nedelec.fr\/?product=polar-noir-a-tendance-parodique-affirmee\" \/>\n<meta property=\"og:locale\" content=\"fr_FR\" \/>\n<meta property=\"og:type\" content=\"article\" \/>\n<meta property=\"og:title\" content=\"Le saigneur des agneaux\" \/>\n<meta property=\"og:description\" content=\"L\u2019histoire se tient au c\u0153ur de la Brigade Criminelle de Paris. Pierre S\u00e9n\u00e9chal, un commandant de police \u00e2g\u00e9 d\u2019une cinquantaine d\u2019ann\u00e9es, voit avec inqui\u00e9tude son vieux commissaire partir \u00e0 la retraite, et \u00eatre remplac\u00e9 par un homme beaucoup plus jeune, au caract\u00e8re rigide, d\u00e9cid\u00e9 \u00e0 r\u00e9volutionner les m\u00e9thodes de travail de son groupe. Un meurtre particuli\u00e8rement horrible va voir se confronter deux fa\u00e7ons de fonctionner diam\u00e9tralement oppos\u00e9es.L\u2019histoire est racont\u00e9e \u00e0 la premi\u00e8re personne par S\u00e9n\u00e9chal lui-m\u00eame. C\u2019est le proc\u00e9d\u00e9 utilis\u00e9 par Fr\u00e9d\u00e9ric Dard dans San-Antonio, dont je suis orphelin. Ce mode r\u00e9dactionnel permet de cr\u00e9er une proximit\u00e9, voire une complicit\u00e9, avec le lecteur. Il est aussi et surtout l\u2019outil privil\u00e9gi\u00e9 pour faire glisser ce roman policier dans la cat\u00e9gorie des polars noirs humoristiques, \u00e0 ne pas glisser entre des mains par trop innocentes, malgr\u00e9 tout.\" \/>\n<meta property=\"og:url\" content=\"https:\/\/pierre-yves-nedelec.fr\/?product=polar-noir-a-tendance-parodique-affirmee\" \/>\n<meta property=\"og:site_name\" content=\"Pierre-Yves N\u00e9d\u00e9lec\" \/>\n<meta property=\"article:modified_time\" content=\"2026-02-07T15:19:31+00:00\" \/>\n<meta property=\"og:image\" content=\"https:\/\/pierre-yves-nedelec.fr\/wp-content\/uploads\/Couverture-LSDA-KDP-Serie-1-MM.jpg\" \/>\n\t<meta property=\"og:image:width\" content=\"1024\" \/>\n\t<meta property=\"og:image:height\" content=\"774\" \/>\n\t<meta property=\"og:image:type\" content=\"image\/jpeg\" \/>\n<meta name=\"twitter:card\" content=\"summary_large_image\" \/>\n<meta name=\"twitter:label1\" content=\"Dur\u00e9e de lecture estim\u00e9e\" \/>\n\t<meta name=\"twitter:data1\" content=\"2 minutes\" \/>\n<script type=\"application\/ld+json\" class=\"yoast-schema-graph\">{\"@context\":\"https:\\\/\\\/schema.org\",\"@graph\":[{\"@type\":\"WebPage\",\"@id\":\"https:\\\/\\\/pierre-yves-nedelec.fr\\\/?product=polar-noir-a-tendance-parodique-affirmee\",\"url\":\"https:\\\/\\\/pierre-yves-nedelec.fr\\\/?product=polar-noir-a-tendance-parodique-affirmee\",\"name\":\"Le saigneur des agneaux\",\"isPartOf\":{\"@id\":\"https:\\\/\\\/pierre-yves-nedelec.fr\\\/#website\"},\"primaryImageOfPage\":{\"@id\":\"https:\\\/\\\/pierre-yves-nedelec.fr\\\/?product=polar-noir-a-tendance-parodique-affirmee#primaryimage\"},\"image\":{\"@id\":\"https:\\\/\\\/pierre-yves-nedelec.fr\\\/?product=polar-noir-a-tendance-parodique-affirmee#primaryimage\"},\"thumbnailUrl\":\"https:\\\/\\\/pierre-yves-nedelec.fr\\\/wp-content\\\/uploads\\\/Couverture-LSDA-KDP-Serie-1-MM.jpg\",\"datePublished\":\"2026-02-06T17:26:30+00:00\",\"dateModified\":\"2026-02-07T15:19:31+00:00\",\"description\":\"L\u2019histoire se tient au c\u0153ur de la Brigade Criminelle de Paris. Pierre S\u00e9n\u00e9chal, un commandant de police \u00e2g\u00e9 d\u2019une cinquantaine d\u2019ann\u00e9es, voit avec inqui\u00e9tude son vieux commissaire partir \u00e0 la retraite, et \u00eatre remplac\u00e9 par un homme beaucoup plus jeune, au caract\u00e8re rigide, d\u00e9cid\u00e9 \u00e0 r\u00e9volutionner les m\u00e9thodes de travail de son groupe. Un meurtre particuli\u00e8rement horrible va voir se confronter deux fa\u00e7ons de fonctionner diam\u00e9tralement oppos\u00e9es.L\u2019histoire est racont\u00e9e \u00e0 la premi\u00e8re personne par S\u00e9n\u00e9chal lui-m\u00eame. C\u2019est le proc\u00e9d\u00e9 utilis\u00e9 par Fr\u00e9d\u00e9ric Dard dans San-Antonio, dont je suis orphelin. Ce mode r\u00e9dactionnel permet de cr\u00e9er une proximit\u00e9, voire une complicit\u00e9, avec le lecteur. Il est aussi et surtout l\u2019outil privil\u00e9gi\u00e9 pour faire glisser ce roman policier dans la cat\u00e9gorie des polars noirs humoristiques, \u00e0 ne pas glisser entre des mains par trop innocentes, malgr\u00e9 tout.\",\"breadcrumb\":{\"@id\":\"https:\\\/\\\/pierre-yves-nedelec.fr\\\/?product=polar-noir-a-tendance-parodique-affirmee#breadcrumb\"},\"inLanguage\":\"fr-FR\",\"potentialAction\":[{\"@type\":\"ReadAction\",\"target\":[\"https:\\\/\\\/pierre-yves-nedelec.fr\\\/?product=polar-noir-a-tendance-parodique-affirmee\"]}]},{\"@type\":\"ImageObject\",\"inLanguage\":\"fr-FR\",\"@id\":\"https:\\\/\\\/pierre-yves-nedelec.fr\\\/?product=polar-noir-a-tendance-parodique-affirmee#primaryimage\",\"url\":\"https:\\\/\\\/pierre-yves-nedelec.fr\\\/wp-content\\\/uploads\\\/Couverture-LSDA-KDP-Serie-1-MM.jpg\",\"contentUrl\":\"https:\\\/\\\/pierre-yves-nedelec.fr\\\/wp-content\\\/uploads\\\/Couverture-LSDA-KDP-Serie-1-MM.jpg\",\"width\":1024,\"height\":774,\"caption\":\"couverture du polar \\\"le saigneur des agneaux\\\"\"},{\"@type\":\"BreadcrumbList\",\"@id\":\"https:\\\/\\\/pierre-yves-nedelec.fr\\\/?product=polar-noir-a-tendance-parodique-affirmee#breadcrumb\",\"itemListElement\":[{\"@type\":\"ListItem\",\"position\":1,\"name\":\"Accueil\",\"item\":\"https:\\\/\\\/pierre-yves-nedelec.fr\\\/\"},{\"@type\":\"ListItem\",\"position\":2,\"name\":\"Boutique\",\"item\":\"https:\\\/\\\/pierre-yves-nedelec.fr\\\/?page_id=2121\"},{\"@type\":\"ListItem\",\"position\":3,\"name\":\"Le saigneur des agneaux\"}]},{\"@type\":\"WebSite\",\"@id\":\"https:\\\/\\\/pierre-yves-nedelec.fr\\\/#website\",\"url\":\"https:\\\/\\\/pierre-yves-nedelec.fr\\\/\",\"name\":\"Pierre-Yves N\u00e9d\u00e9lec\",\"description\":\"Une journ\u00e9e sans rire est une journ\u00e9e perdue\",\"publisher\":{\"@id\":\"https:\\\/\\\/pierre-yves-nedelec.fr\\\/#organization\"},\"potentialAction\":[{\"@type\":\"SearchAction\",\"target\":{\"@type\":\"EntryPoint\",\"urlTemplate\":\"https:\\\/\\\/pierre-yves-nedelec.fr\\\/?s={search_term_string}\"},\"query-input\":{\"@type\":\"PropertyValueSpecification\",\"valueRequired\":true,\"valueName\":\"search_term_string\"}}],\"inLanguage\":\"fr-FR\"},{\"@type\":\"Organization\",\"@id\":\"https:\\\/\\\/pierre-yves-nedelec.fr\\\/#organization\",\"name\":\"Pierre-Yves N\u00e9d\u00e9lec\",\"url\":\"https:\\\/\\\/pierre-yves-nedelec.fr\\\/\",\"logo\":{\"@type\":\"ImageObject\",\"inLanguage\":\"fr-FR\",\"@id\":\"https:\\\/\\\/pierre-yves-nedelec.fr\\\/#\\\/schema\\\/logo\\\/image\\\/\",\"url\":\"https:\\\/\\\/pierre-yves-nedelec.fr\\\/wp-content\\\/uploads\\\/2023\\\/12\\\/cropped-Logo-PiN-mini.webp\",\"contentUrl\":\"https:\\\/\\\/pierre-yves-nedelec.fr\\\/wp-content\\\/uploads\\\/2023\\\/12\\\/cropped-Logo-PiN-mini.webp\",\"width\":90,\"height\":80,\"caption\":\"Pierre-Yves N\u00e9d\u00e9lec\"},\"image\":{\"@id\":\"https:\\\/\\\/pierre-yves-nedelec.fr\\\/#\\\/schema\\\/logo\\\/image\\\/\"}}]}<\/script>\n<!-- \/ Yoast SEO plugin. -->","yoast_head_json":{"title":"Le saigneur des agneaux","description":"L\u2019histoire se tient au c\u0153ur de la Brigade Criminelle de Paris. Pierre S\u00e9n\u00e9chal, un commandant de police \u00e2g\u00e9 d\u2019une cinquantaine d\u2019ann\u00e9es, voit avec inqui\u00e9tude son vieux commissaire partir \u00e0 la retraite, et \u00eatre remplac\u00e9 par un homme beaucoup plus jeune, au caract\u00e8re rigide, d\u00e9cid\u00e9 \u00e0 r\u00e9volutionner les m\u00e9thodes de travail de son groupe. Un meurtre particuli\u00e8rement horrible va voir se confronter deux fa\u00e7ons de fonctionner diam\u00e9tralement oppos\u00e9es.L\u2019histoire est racont\u00e9e \u00e0 la premi\u00e8re personne par S\u00e9n\u00e9chal lui-m\u00eame. C\u2019est le proc\u00e9d\u00e9 utilis\u00e9 par Fr\u00e9d\u00e9ric Dard dans San-Antonio, dont je suis orphelin. Ce mode r\u00e9dactionnel permet de cr\u00e9er une proximit\u00e9, voire une complicit\u00e9, avec le lecteur. Il est aussi et surtout l\u2019outil privil\u00e9gi\u00e9 pour faire glisser ce roman policier dans la cat\u00e9gorie des polars noirs humoristiques, \u00e0 ne pas glisser entre des mains par trop innocentes, malgr\u00e9 tout.","robots":{"index":"index","follow":"follow","max-snippet":"max-snippet:-1","max-image-preview":"max-image-preview:large","max-video-preview":"max-video-preview:-1"},"canonical":"https:\/\/pierre-yves-nedelec.fr\/?product=polar-noir-a-tendance-parodique-affirmee","og_locale":"fr_FR","og_type":"article","og_title":"Le saigneur des agneaux","og_description":"L\u2019histoire se tient au c\u0153ur de la Brigade Criminelle de Paris. Pierre S\u00e9n\u00e9chal, un commandant de police \u00e2g\u00e9 d\u2019une cinquantaine d\u2019ann\u00e9es, voit avec inqui\u00e9tude son vieux commissaire partir \u00e0 la retraite, et \u00eatre remplac\u00e9 par un homme beaucoup plus jeune, au caract\u00e8re rigide, d\u00e9cid\u00e9 \u00e0 r\u00e9volutionner les m\u00e9thodes de travail de son groupe. Un meurtre particuli\u00e8rement horrible va voir se confronter deux fa\u00e7ons de fonctionner diam\u00e9tralement oppos\u00e9es.L\u2019histoire est racont\u00e9e \u00e0 la premi\u00e8re personne par S\u00e9n\u00e9chal lui-m\u00eame. C\u2019est le proc\u00e9d\u00e9 utilis\u00e9 par Fr\u00e9d\u00e9ric Dard dans San-Antonio, dont je suis orphelin. Ce mode r\u00e9dactionnel permet de cr\u00e9er une proximit\u00e9, voire une complicit\u00e9, avec le lecteur. Il est aussi et surtout l\u2019outil privil\u00e9gi\u00e9 pour faire glisser ce roman policier dans la cat\u00e9gorie des polars noirs humoristiques, \u00e0 ne pas glisser entre des mains par trop innocentes, malgr\u00e9 tout.","og_url":"https:\/\/pierre-yves-nedelec.fr\/?product=polar-noir-a-tendance-parodique-affirmee","og_site_name":"Pierre-Yves N\u00e9d\u00e9lec","article_modified_time":"2026-02-07T15:19:31+00:00","og_image":[{"width":1024,"height":774,"url":"https:\/\/pierre-yves-nedelec.fr\/wp-content\/uploads\/Couverture-LSDA-KDP-Serie-1-MM.jpg","type":"image\/jpeg"}],"twitter_card":"summary_large_image","twitter_misc":{"Dur\u00e9e de lecture estim\u00e9e":"2 minutes"},"schema":{"@context":"https:\/\/schema.org","@graph":[{"@type":"WebPage","@id":"https:\/\/pierre-yves-nedelec.fr\/?product=polar-noir-a-tendance-parodique-affirmee","url":"https:\/\/pierre-yves-nedelec.fr\/?product=polar-noir-a-tendance-parodique-affirmee","name":"Le saigneur des agneaux","isPartOf":{"@id":"https:\/\/pierre-yves-nedelec.fr\/#website"},"primaryImageOfPage":{"@id":"https:\/\/pierre-yves-nedelec.fr\/?product=polar-noir-a-tendance-parodique-affirmee#primaryimage"},"image":{"@id":"https:\/\/pierre-yves-nedelec.fr\/?product=polar-noir-a-tendance-parodique-affirmee#primaryimage"},"thumbnailUrl":"https:\/\/pierre-yves-nedelec.fr\/wp-content\/uploads\/Couverture-LSDA-KDP-Serie-1-MM.jpg","datePublished":"2026-02-06T17:26:30+00:00","dateModified":"2026-02-07T15:19:31+00:00","description":"L\u2019histoire se tient au c\u0153ur de la Brigade Criminelle de Paris. Pierre S\u00e9n\u00e9chal, un commandant de police \u00e2g\u00e9 d\u2019une cinquantaine d\u2019ann\u00e9es, voit avec inqui\u00e9tude son vieux commissaire partir \u00e0 la retraite, et \u00eatre remplac\u00e9 par un homme beaucoup plus jeune, au caract\u00e8re rigide, d\u00e9cid\u00e9 \u00e0 r\u00e9volutionner les m\u00e9thodes de travail de son groupe. Un meurtre particuli\u00e8rement horrible va voir se confronter deux fa\u00e7ons de fonctionner diam\u00e9tralement oppos\u00e9es.L\u2019histoire est racont\u00e9e \u00e0 la premi\u00e8re personne par S\u00e9n\u00e9chal lui-m\u00eame. C\u2019est le proc\u00e9d\u00e9 utilis\u00e9 par Fr\u00e9d\u00e9ric Dard dans San-Antonio, dont je suis orphelin. Ce mode r\u00e9dactionnel permet de cr\u00e9er une proximit\u00e9, voire une complicit\u00e9, avec le lecteur. Il est aussi et surtout l\u2019outil privil\u00e9gi\u00e9 pour faire glisser ce roman policier dans la cat\u00e9gorie des polars noirs humoristiques, \u00e0 ne pas glisser entre des mains par trop innocentes, malgr\u00e9 tout.","breadcrumb":{"@id":"https:\/\/pierre-yves-nedelec.fr\/?product=polar-noir-a-tendance-parodique-affirmee#breadcrumb"},"inLanguage":"fr-FR","potentialAction":[{"@type":"ReadAction","target":["https:\/\/pierre-yves-nedelec.fr\/?product=polar-noir-a-tendance-parodique-affirmee"]}]},{"@type":"ImageObject","inLanguage":"fr-FR","@id":"https:\/\/pierre-yves-nedelec.fr\/?product=polar-noir-a-tendance-parodique-affirmee#primaryimage","url":"https:\/\/pierre-yves-nedelec.fr\/wp-content\/uploads\/Couverture-LSDA-KDP-Serie-1-MM.jpg","contentUrl":"https:\/\/pierre-yves-nedelec.fr\/wp-content\/uploads\/Couverture-LSDA-KDP-Serie-1-MM.jpg","width":1024,"height":774,"caption":"couverture du polar \"le saigneur des agneaux\""},{"@type":"BreadcrumbList","@id":"https:\/\/pierre-yves-nedelec.fr\/?product=polar-noir-a-tendance-parodique-affirmee#breadcrumb","itemListElement":[{"@type":"ListItem","position":1,"name":"Accueil","item":"https:\/\/pierre-yves-nedelec.fr\/"},{"@type":"ListItem","position":2,"name":"Boutique","item":"https:\/\/pierre-yves-nedelec.fr\/?page_id=2121"},{"@type":"ListItem","position":3,"name":"Le saigneur des agneaux"}]},{"@type":"WebSite","@id":"https:\/\/pierre-yves-nedelec.fr\/#website","url":"https:\/\/pierre-yves-nedelec.fr\/","name":"Pierre-Yves N\u00e9d\u00e9lec","description":"Une journ\u00e9e sans rire est une journ\u00e9e perdue","publisher":{"@id":"https:\/\/pierre-yves-nedelec.fr\/#organization"},"potentialAction":[{"@type":"SearchAction","target":{"@type":"EntryPoint","urlTemplate":"https:\/\/pierre-yves-nedelec.fr\/?s={search_term_string}"},"query-input":{"@type":"PropertyValueSpecification","valueRequired":true,"valueName":"search_term_string"}}],"inLanguage":"fr-FR"},{"@type":"Organization","@id":"https:\/\/pierre-yves-nedelec.fr\/#organization","name":"Pierre-Yves N\u00e9d\u00e9lec","url":"https:\/\/pierre-yves-nedelec.fr\/","logo":{"@type":"ImageObject","inLanguage":"fr-FR","@id":"https:\/\/pierre-yves-nedelec.fr\/#\/schema\/logo\/image\/","url":"https:\/\/pierre-yves-nedelec.fr\/wp-content\/uploads\/2023\/12\/cropped-Logo-PiN-mini.webp","contentUrl":"https:\/\/pierre-yves-nedelec.fr\/wp-content\/uploads\/2023\/12\/cropped-Logo-PiN-mini.webp","width":90,"height":80,"caption":"Pierre-Yves N\u00e9d\u00e9lec"},"image":{"@id":"https:\/\/pierre-yves-nedelec.fr\/#\/schema\/logo\/image\/"}}]}},"jetpack_sharing_enabled":true,"_links":{"self":[{"href":"https:\/\/pierre-yves-nedelec.fr\/index.php?rest_route=\/wp\/v2\/product\/2359","targetHints":{"allow":["GET"]}}],"collection":[{"href":"https:\/\/pierre-yves-nedelec.fr\/index.php?rest_route=\/wp\/v2\/product"}],"about":[{"href":"https:\/\/pierre-yves-nedelec.fr\/index.php?rest_route=\/wp\/v2\/types\/product"}],"replies":[{"embeddable":true,"href":"https:\/\/pierre-yves-nedelec.fr\/index.php?rest_route=%2Fwp%2Fv2%2Fcomments&post=2359"}],"wp:featuredmedia":[{"embeddable":true,"href":"https:\/\/pierre-yves-nedelec.fr\/index.php?rest_route=\/wp\/v2\/media\/2365"}],"wp:attachment":[{"href":"https:\/\/pierre-yves-nedelec.fr\/index.php?rest_route=%2Fwp%2Fv2%2Fmedia&parent=2359"}],"wp:term":[{"taxonomy":"product_brand","embeddable":true,"href":"https:\/\/pierre-yves-nedelec.fr\/index.php?rest_route=%2Fwp%2Fv2%2Fproduct_brand&post=2359"},{"taxonomy":"product_cat","embeddable":true,"href":"https:\/\/pierre-yves-nedelec.fr\/index.php?rest_route=%2Fwp%2Fv2%2Fproduct_cat&post=2359"},{"taxonomy":"product_tag","embeddable":true,"href":"https:\/\/pierre-yves-nedelec.fr\/index.php?rest_route=%2Fwp%2Fv2%2Fproduct_tag&post=2359"}],"curies":[{"name":"wp","href":"https:\/\/api.w.org\/{rel}","templated":true}]}}