{"id":2354,"date":"2026-02-06T17:28:39","date_gmt":"2026-02-06T16:28:39","guid":{"rendered":"https:\/\/pierre-yves-nedelec.fr\/?post_type=product&#038;p=2354"},"modified":"2026-02-07T16:12:03","modified_gmt":"2026-02-07T15:12:03","slug":"polar-fantastique","status":"publish","type":"product","link":"https:\/\/pierre-yves-nedelec.fr\/?product=polar-fantastique","title":{"rendered":"Le radiateur de Fr\u00e9n\u00e9gonde"},"content":{"rendered":"<p><img fetchpriority=\"high\" decoding=\"async\" class=\"size-full wp-image-1144\" src=\"https:\/\/pierre-yves-nedelec.fr\/wp-content\/uploads\/2023\/12\/le-radiateur-de-frenegonde.webp\" alt=\"couverture du roman policier fantastique &quot;Le Radiateur de Fr\u00e9n\u00e9gonde&quot;\" width=\"300\" height=\"424\" \/><\/p>\n<p>&nbsp;<\/p>\n<p>Le commissaire de la brigade criminelle Jules Racine est charg\u00e9 de l\u2019enqu\u00eate concernant le meurtre de Rachel Gudermann, dont le cadavre momifi\u00e9 a \u00e9t\u00e9 d\u00e9couvert dans une chambre froide. Jules Racine attaque tranquillement la deuxi\u00e8me partie de sa vie, et n\u2019aspire qu\u2019\u00e0 faire son travail correctement, mais sans z\u00e8le excessif. Il se trouve que cette enqu\u00eate va se r\u00e9v\u00e9ler bien particuli\u00e8re, et qu\u2019il aura besoin, pour la mener \u00e0 bien, du renfort de la p\u00e9tulante Fr\u00e9n\u00e9gonde. Celle-ci offre de bien \u00e9tranges caract\u00e9ristiques, que le lecteur d\u00e9couvrira au fur et \u00e0 mesure de la lecture de ce roman policier qui sort de la logique traditionnelle pour revisiter avec humour le mythe du vampire\u2026<\/p>\n","protected":false},"excerpt":{"rendered":"[caption id=\"attachment_1144\" align=\"alignnone\" width=\"300\"]<img fetchpriority=\"high\" decoding=\"async\" class=\"size-full wp-image-1144\" src=\"https:\/\/pierre-yves-nedelec.fr\/wp-content\/uploads\/2023\/12\/le-radiateur-de-frenegonde.webp\" alt=\"couverture du roman policier fantastique &quot;Le Radiateur de Fr\u00e9n\u00e9gonde&quot;\" width=\"300\" height=\"424\" \/> \u00ab\u00a0le radiateur de Fr\u00e9n\u00e9gonde\u00a0\u00bb, roman policier fantastique et plein d&rsquo;humour,[\/caption]\n<p>Le commissaire de la brigade criminelle Jules Racine est charg\u00e9 de l\u2019enqu\u00eate concernant le meurtre de Rachel Gudermann, dont le cadavre momifi\u00e9 a \u00e9t\u00e9 d\u00e9couvert dans une chambre froide. Jules Racine attaque tranquillement la deuxi\u00e8me partie de sa vie, et n\u2019aspire qu\u2019\u00e0 faire son travail correctement, mais sans z\u00e8le excessif. Il se trouve que cette enqu\u00eate va se r\u00e9v\u00e9ler bien particuli\u00e8re, et qu\u2019il aura besoin, pour la mener \u00e0 bien, du renfort de la p\u00e9tulante Fr\u00e9n\u00e9gonde. Celle-ci offre de bien \u00e9tranges caract\u00e9ristiques, que le lecteur d\u00e9couvrira au fur et \u00e0 mesure de la lecture de ce roman policier qui sort de la logique traditionnelle pour revisiter avec humour le mythe du vampire\u2026<\/p>\n<p>336 pages<\/p>\n<p>&nbsp;<\/p>\n","protected":false},"featured_media":2358,"comment_status":"open","ping_status":"closed","template":"","meta":{"site-sidebar-layout":"left-sidebar","site-content-layout":"","ast-site-content-layout":"normal-width-container","site-content-style":"boxed","site-sidebar-style":"boxed","ast-global-header-display":"","ast-banner-title-visibility":"","ast-main-header-display":"","ast-hfb-above-header-display":"","ast-hfb-below-header-display":"","ast-hfb-mobile-header-display":"","site-post-title":"","ast-breadcrumbs-content":"","ast-featured-img":"","footer-sml-layout":"","ast-disable-related-posts":"","theme-transparent-header-meta":"default","adv-header-id-meta":"","stick-header-meta":"","header-above-stick-meta":"","header-main-stick-meta":"","header-below-stick-meta":"","astra-migrate-meta-layouts":"set","ast-page-background-enabled":"default","ast-page-background-meta":{"desktop":{"background-color":"var(--ast-global-color-4)","background-image":"","background-repeat":"repeat","background-position":"center center","background-size":"auto","background-attachment":"scroll","background-type":"","background-media":"","overlay-type":"","overlay-color":"","overlay-opacity":"","overlay-gradient":""},"tablet":{"background-color":"","background-image":"","background-repeat":"repeat","background-position":"center center","background-size":"auto","background-attachment":"scroll","background-type":"","background-media":"","overlay-type":"","overlay-color":"","overlay-opacity":"","overlay-gradient":""},"mobile":{"background-color":"","background-image":"","background-repeat":"repeat","background-position":"center center","background-size":"auto","background-attachment":"scroll","background-type":"","background-media":"","overlay-type":"","overlay-color":"","overlay-opacity":"","overlay-gradient":""}},"ast-content-background-meta":{"desktop":{"background-color":"var(--ast-global-color-5)","background-image":"","background-repeat":"repeat","background-position":"center center","background-size":"auto","background-attachment":"scroll","background-type":"","background-media":"","overlay-type":"","overlay-color":"","overlay-opacity":"","overlay-gradient":""},"tablet":{"background-color":"var(--ast-global-color-5)","background-image":"","background-repeat":"repeat","background-position":"center center","background-size":"auto","background-attachment":"scroll","background-type":"","background-media":"","overlay-type":"","overlay-color":"","overlay-opacity":"","overlay-gradient":""},"mobile":{"background-color":"var(--ast-global-color-5)","background-image":"","background-repeat":"repeat","background-position":"center center","background-size":"auto","background-attachment":"scroll","background-type":"","background-media":"","overlay-type":"","overlay-color":"","overlay-opacity":"","overlay-gradient":""}}},"product_brand":[],"product_cat":[85],"product_tag":[],"class_list":{"0":"post-2354","1":"product","2":"type-product","3":"status-publish","4":"has-post-thumbnail","6":"product_cat-polar-fantastique","7":"desktop-align-left","8":"tablet-align-left","9":"mobile-align-left","11":"first","12":"instock","13":"shipping-taxable","14":"purchasable","15":"product-type-simple"},"yoast_head":"<!-- This site is optimized with the Yoast SEO plugin v27.3 - https:\/\/yoast.com\/product\/yoast-seo-wordpress\/ -->\n<title>Le radiateur de Fr\u00e9n\u00e9gonde - Pierre-Yves N\u00e9d\u00e9lec<\/title>\n<meta name=\"description\" content=\"Le commissaire de la brigade criminelle Jules Racine est charg\u00e9 de l\u2019enqu\u00eate concernant le meurtre de Rachel Gudermann, dont le cadavre momifi\u00e9 a \u00e9t\u00e9 d\u00e9couvert dans une chambre froide. Jules Racine attaque tranquillement la deuxi\u00e8me partie de sa vie, et n\u2019aspire qu\u2019\u00e0 faire son travail correctement, mais sans z\u00e8le excessif. Il se trouve que cette enqu\u00eate va se r\u00e9v\u00e9ler bien particuli\u00e8re, et qu\u2019il aura besoin, pour la mener \u00e0 bien, du renfort de la p\u00e9tulante Fr\u00e9n\u00e9gonde. Celle-ci offre de bien \u00e9tranges caract\u00e9ristiques, que le lecteur d\u00e9couvrira au fur et \u00e0 mesure de la lecture de ce roman policier qui sort de la logique traditionnelle pour revisiter avec humour le mythe du vampire\u2026\" \/>\n<meta name=\"robots\" content=\"index, follow, max-snippet:-1, max-image-preview:large, max-video-preview:-1\" \/>\n<link rel=\"canonical\" href=\"https:\/\/pierre-yves-nedelec.fr\/?product=polar-fantastique\" \/>\n<meta property=\"og:locale\" content=\"fr_FR\" \/>\n<meta property=\"og:type\" content=\"article\" \/>\n<meta property=\"og:title\" content=\"Le radiateur de Fr\u00e9n\u00e9gonde - Pierre-Yves N\u00e9d\u00e9lec\" \/>\n<meta property=\"og:description\" content=\"Le commissaire de la brigade criminelle Jules Racine est charg\u00e9 de l\u2019enqu\u00eate concernant le meurtre de Rachel Gudermann, dont le cadavre momifi\u00e9 a \u00e9t\u00e9 d\u00e9couvert dans une chambre froide. Jules Racine attaque tranquillement la deuxi\u00e8me partie de sa vie, et n\u2019aspire qu\u2019\u00e0 faire son travail correctement, mais sans z\u00e8le excessif. Il se trouve que cette enqu\u00eate va se r\u00e9v\u00e9ler bien particuli\u00e8re, et qu\u2019il aura besoin, pour la mener \u00e0 bien, du renfort de la p\u00e9tulante Fr\u00e9n\u00e9gonde. Celle-ci offre de bien \u00e9tranges caract\u00e9ristiques, que le lecteur d\u00e9couvrira au fur et \u00e0 mesure de la lecture de ce roman policier qui sort de la logique traditionnelle pour revisiter avec humour le mythe du vampire\u2026\" \/>\n<meta property=\"og:url\" content=\"https:\/\/pierre-yves-nedelec.fr\/?product=polar-fantastique\" \/>\n<meta property=\"og:site_name\" content=\"Pierre-Yves N\u00e9d\u00e9lec\" \/>\n<meta property=\"article:modified_time\" content=\"2026-02-07T15:12:03+00:00\" \/>\n<meta property=\"og:image\" content=\"https:\/\/pierre-yves-nedelec.fr\/wp-content\/uploads\/LRDF-Couverture-KDP-2021-MM.jpg\" \/>\n\t<meta property=\"og:image:width\" content=\"1024\" \/>\n\t<meta property=\"og:image:height\" content=\"725\" \/>\n\t<meta property=\"og:image:type\" content=\"image\/jpeg\" \/>\n<meta name=\"twitter:card\" content=\"summary_large_image\" \/>\n<meta name=\"twitter:label1\" content=\"Dur\u00e9e de lecture estim\u00e9e\" \/>\n\t<meta name=\"twitter:data1\" content=\"1 minute\" \/>\n<script type=\"application\/ld+json\" class=\"yoast-schema-graph\">{\"@context\":\"https:\\\/\\\/schema.org\",\"@graph\":[{\"@type\":\"WebPage\",\"@id\":\"https:\\\/\\\/pierre-yves-nedelec.fr\\\/?product=polar-fantastique\",\"url\":\"https:\\\/\\\/pierre-yves-nedelec.fr\\\/?product=polar-fantastique\",\"name\":\"Le radiateur de Fr\u00e9n\u00e9gonde - Pierre-Yves N\u00e9d\u00e9lec\",\"isPartOf\":{\"@id\":\"https:\\\/\\\/pierre-yves-nedelec.fr\\\/#website\"},\"primaryImageOfPage\":{\"@id\":\"https:\\\/\\\/pierre-yves-nedelec.fr\\\/?product=polar-fantastique#primaryimage\"},\"image\":{\"@id\":\"https:\\\/\\\/pierre-yves-nedelec.fr\\\/?product=polar-fantastique#primaryimage\"},\"thumbnailUrl\":\"https:\\\/\\\/pierre-yves-nedelec.fr\\\/wp-content\\\/uploads\\\/LRDF-Couverture-KDP-2021-MM.jpg\",\"datePublished\":\"2026-02-06T16:28:39+00:00\",\"dateModified\":\"2026-02-07T15:12:03+00:00\",\"description\":\"Le commissaire de la brigade criminelle Jules Racine est charg\u00e9 de l\u2019enqu\u00eate concernant le meurtre de Rachel Gudermann, dont le cadavre momifi\u00e9 a \u00e9t\u00e9 d\u00e9couvert dans une chambre froide. Jules Racine attaque tranquillement la deuxi\u00e8me partie de sa vie, et n\u2019aspire qu\u2019\u00e0 faire son travail correctement, mais sans z\u00e8le excessif. Il se trouve que cette enqu\u00eate va se r\u00e9v\u00e9ler bien particuli\u00e8re, et qu\u2019il aura besoin, pour la mener \u00e0 bien, du renfort de la p\u00e9tulante Fr\u00e9n\u00e9gonde. Celle-ci offre de bien \u00e9tranges caract\u00e9ristiques, que le lecteur d\u00e9couvrira au fur et \u00e0 mesure de la lecture de ce roman policier qui sort de la logique traditionnelle pour revisiter avec humour le mythe du vampire\u2026\",\"breadcrumb\":{\"@id\":\"https:\\\/\\\/pierre-yves-nedelec.fr\\\/?product=polar-fantastique#breadcrumb\"},\"inLanguage\":\"fr-FR\",\"potentialAction\":[{\"@type\":\"ReadAction\",\"target\":[\"https:\\\/\\\/pierre-yves-nedelec.fr\\\/?product=polar-fantastique\"]}]},{\"@type\":\"ImageObject\",\"inLanguage\":\"fr-FR\",\"@id\":\"https:\\\/\\\/pierre-yves-nedelec.fr\\\/?product=polar-fantastique#primaryimage\",\"url\":\"https:\\\/\\\/pierre-yves-nedelec.fr\\\/wp-content\\\/uploads\\\/LRDF-Couverture-KDP-2021-MM.jpg\",\"contentUrl\":\"https:\\\/\\\/pierre-yves-nedelec.fr\\\/wp-content\\\/uploads\\\/LRDF-Couverture-KDP-2021-MM.jpg\",\"width\":1024,\"height\":725,\"caption\":\"Couverture \\\"Le radiateur de Fr\u00e9n\u00e9gonde\\\"\"},{\"@type\":\"BreadcrumbList\",\"@id\":\"https:\\\/\\\/pierre-yves-nedelec.fr\\\/?product=polar-fantastique#breadcrumb\",\"itemListElement\":[{\"@type\":\"ListItem\",\"position\":1,\"name\":\"Accueil\",\"item\":\"https:\\\/\\\/pierre-yves-nedelec.fr\\\/\"},{\"@type\":\"ListItem\",\"position\":2,\"name\":\"Boutique\",\"item\":\"https:\\\/\\\/pierre-yves-nedelec.fr\\\/?page_id=2121\"},{\"@type\":\"ListItem\",\"position\":3,\"name\":\"Le radiateur de Fr\u00e9n\u00e9gonde\"}]},{\"@type\":\"WebSite\",\"@id\":\"https:\\\/\\\/pierre-yves-nedelec.fr\\\/#website\",\"url\":\"https:\\\/\\\/pierre-yves-nedelec.fr\\\/\",\"name\":\"Pierre-Yves N\u00e9d\u00e9lec\",\"description\":\"Une journ\u00e9e sans rire est une journ\u00e9e perdue\",\"publisher\":{\"@id\":\"https:\\\/\\\/pierre-yves-nedelec.fr\\\/#organization\"},\"potentialAction\":[{\"@type\":\"SearchAction\",\"target\":{\"@type\":\"EntryPoint\",\"urlTemplate\":\"https:\\\/\\\/pierre-yves-nedelec.fr\\\/?s={search_term_string}\"},\"query-input\":{\"@type\":\"PropertyValueSpecification\",\"valueRequired\":true,\"valueName\":\"search_term_string\"}}],\"inLanguage\":\"fr-FR\"},{\"@type\":\"Organization\",\"@id\":\"https:\\\/\\\/pierre-yves-nedelec.fr\\\/#organization\",\"name\":\"Pierre-Yves N\u00e9d\u00e9lec\",\"url\":\"https:\\\/\\\/pierre-yves-nedelec.fr\\\/\",\"logo\":{\"@type\":\"ImageObject\",\"inLanguage\":\"fr-FR\",\"@id\":\"https:\\\/\\\/pierre-yves-nedelec.fr\\\/#\\\/schema\\\/logo\\\/image\\\/\",\"url\":\"https:\\\/\\\/pierre-yves-nedelec.fr\\\/wp-content\\\/uploads\\\/2023\\\/12\\\/cropped-Logo-PiN-mini.webp\",\"contentUrl\":\"https:\\\/\\\/pierre-yves-nedelec.fr\\\/wp-content\\\/uploads\\\/2023\\\/12\\\/cropped-Logo-PiN-mini.webp\",\"width\":90,\"height\":80,\"caption\":\"Pierre-Yves N\u00e9d\u00e9lec\"},\"image\":{\"@id\":\"https:\\\/\\\/pierre-yves-nedelec.fr\\\/#\\\/schema\\\/logo\\\/image\\\/\"}}]}<\/script>\n<!-- \/ Yoast SEO plugin. -->","yoast_head_json":{"title":"Le radiateur de Fr\u00e9n\u00e9gonde - Pierre-Yves N\u00e9d\u00e9lec","description":"Le commissaire de la brigade criminelle Jules Racine est charg\u00e9 de l\u2019enqu\u00eate concernant le meurtre de Rachel Gudermann, dont le cadavre momifi\u00e9 a \u00e9t\u00e9 d\u00e9couvert dans une chambre froide. Jules Racine attaque tranquillement la deuxi\u00e8me partie de sa vie, et n\u2019aspire qu\u2019\u00e0 faire son travail correctement, mais sans z\u00e8le excessif. Il se trouve que cette enqu\u00eate va se r\u00e9v\u00e9ler bien particuli\u00e8re, et qu\u2019il aura besoin, pour la mener \u00e0 bien, du renfort de la p\u00e9tulante Fr\u00e9n\u00e9gonde. Celle-ci offre de bien \u00e9tranges caract\u00e9ristiques, que le lecteur d\u00e9couvrira au fur et \u00e0 mesure de la lecture de ce roman policier qui sort de la logique traditionnelle pour revisiter avec humour le mythe du vampire\u2026","robots":{"index":"index","follow":"follow","max-snippet":"max-snippet:-1","max-image-preview":"max-image-preview:large","max-video-preview":"max-video-preview:-1"},"canonical":"https:\/\/pierre-yves-nedelec.fr\/?product=polar-fantastique","og_locale":"fr_FR","og_type":"article","og_title":"Le radiateur de Fr\u00e9n\u00e9gonde - Pierre-Yves N\u00e9d\u00e9lec","og_description":"Le commissaire de la brigade criminelle Jules Racine est charg\u00e9 de l\u2019enqu\u00eate concernant le meurtre de Rachel Gudermann, dont le cadavre momifi\u00e9 a \u00e9t\u00e9 d\u00e9couvert dans une chambre froide. Jules Racine attaque tranquillement la deuxi\u00e8me partie de sa vie, et n\u2019aspire qu\u2019\u00e0 faire son travail correctement, mais sans z\u00e8le excessif. Il se trouve que cette enqu\u00eate va se r\u00e9v\u00e9ler bien particuli\u00e8re, et qu\u2019il aura besoin, pour la mener \u00e0 bien, du renfort de la p\u00e9tulante Fr\u00e9n\u00e9gonde. Celle-ci offre de bien \u00e9tranges caract\u00e9ristiques, que le lecteur d\u00e9couvrira au fur et \u00e0 mesure de la lecture de ce roman policier qui sort de la logique traditionnelle pour revisiter avec humour le mythe du vampire\u2026","og_url":"https:\/\/pierre-yves-nedelec.fr\/?product=polar-fantastique","og_site_name":"Pierre-Yves N\u00e9d\u00e9lec","article_modified_time":"2026-02-07T15:12:03+00:00","og_image":[{"width":1024,"height":725,"url":"https:\/\/pierre-yves-nedelec.fr\/wp-content\/uploads\/LRDF-Couverture-KDP-2021-MM.jpg","type":"image\/jpeg"}],"twitter_card":"summary_large_image","twitter_misc":{"Dur\u00e9e de lecture estim\u00e9e":"1 minute"},"schema":{"@context":"https:\/\/schema.org","@graph":[{"@type":"WebPage","@id":"https:\/\/pierre-yves-nedelec.fr\/?product=polar-fantastique","url":"https:\/\/pierre-yves-nedelec.fr\/?product=polar-fantastique","name":"Le radiateur de Fr\u00e9n\u00e9gonde - Pierre-Yves N\u00e9d\u00e9lec","isPartOf":{"@id":"https:\/\/pierre-yves-nedelec.fr\/#website"},"primaryImageOfPage":{"@id":"https:\/\/pierre-yves-nedelec.fr\/?product=polar-fantastique#primaryimage"},"image":{"@id":"https:\/\/pierre-yves-nedelec.fr\/?product=polar-fantastique#primaryimage"},"thumbnailUrl":"https:\/\/pierre-yves-nedelec.fr\/wp-content\/uploads\/LRDF-Couverture-KDP-2021-MM.jpg","datePublished":"2026-02-06T16:28:39+00:00","dateModified":"2026-02-07T15:12:03+00:00","description":"Le commissaire de la brigade criminelle Jules Racine est charg\u00e9 de l\u2019enqu\u00eate concernant le meurtre de Rachel Gudermann, dont le cadavre momifi\u00e9 a \u00e9t\u00e9 d\u00e9couvert dans une chambre froide. Jules Racine attaque tranquillement la deuxi\u00e8me partie de sa vie, et n\u2019aspire qu\u2019\u00e0 faire son travail correctement, mais sans z\u00e8le excessif. Il se trouve que cette enqu\u00eate va se r\u00e9v\u00e9ler bien particuli\u00e8re, et qu\u2019il aura besoin, pour la mener \u00e0 bien, du renfort de la p\u00e9tulante Fr\u00e9n\u00e9gonde. Celle-ci offre de bien \u00e9tranges caract\u00e9ristiques, que le lecteur d\u00e9couvrira au fur et \u00e0 mesure de la lecture de ce roman policier qui sort de la logique traditionnelle pour revisiter avec humour le mythe du vampire\u2026","breadcrumb":{"@id":"https:\/\/pierre-yves-nedelec.fr\/?product=polar-fantastique#breadcrumb"},"inLanguage":"fr-FR","potentialAction":[{"@type":"ReadAction","target":["https:\/\/pierre-yves-nedelec.fr\/?product=polar-fantastique"]}]},{"@type":"ImageObject","inLanguage":"fr-FR","@id":"https:\/\/pierre-yves-nedelec.fr\/?product=polar-fantastique#primaryimage","url":"https:\/\/pierre-yves-nedelec.fr\/wp-content\/uploads\/LRDF-Couverture-KDP-2021-MM.jpg","contentUrl":"https:\/\/pierre-yves-nedelec.fr\/wp-content\/uploads\/LRDF-Couverture-KDP-2021-MM.jpg","width":1024,"height":725,"caption":"Couverture \"Le radiateur de Fr\u00e9n\u00e9gonde\""},{"@type":"BreadcrumbList","@id":"https:\/\/pierre-yves-nedelec.fr\/?product=polar-fantastique#breadcrumb","itemListElement":[{"@type":"ListItem","position":1,"name":"Accueil","item":"https:\/\/pierre-yves-nedelec.fr\/"},{"@type":"ListItem","position":2,"name":"Boutique","item":"https:\/\/pierre-yves-nedelec.fr\/?page_id=2121"},{"@type":"ListItem","position":3,"name":"Le radiateur de Fr\u00e9n\u00e9gonde"}]},{"@type":"WebSite","@id":"https:\/\/pierre-yves-nedelec.fr\/#website","url":"https:\/\/pierre-yves-nedelec.fr\/","name":"Pierre-Yves N\u00e9d\u00e9lec","description":"Une journ\u00e9e sans rire est une journ\u00e9e perdue","publisher":{"@id":"https:\/\/pierre-yves-nedelec.fr\/#organization"},"potentialAction":[{"@type":"SearchAction","target":{"@type":"EntryPoint","urlTemplate":"https:\/\/pierre-yves-nedelec.fr\/?s={search_term_string}"},"query-input":{"@type":"PropertyValueSpecification","valueRequired":true,"valueName":"search_term_string"}}],"inLanguage":"fr-FR"},{"@type":"Organization","@id":"https:\/\/pierre-yves-nedelec.fr\/#organization","name":"Pierre-Yves N\u00e9d\u00e9lec","url":"https:\/\/pierre-yves-nedelec.fr\/","logo":{"@type":"ImageObject","inLanguage":"fr-FR","@id":"https:\/\/pierre-yves-nedelec.fr\/#\/schema\/logo\/image\/","url":"https:\/\/pierre-yves-nedelec.fr\/wp-content\/uploads\/2023\/12\/cropped-Logo-PiN-mini.webp","contentUrl":"https:\/\/pierre-yves-nedelec.fr\/wp-content\/uploads\/2023\/12\/cropped-Logo-PiN-mini.webp","width":90,"height":80,"caption":"Pierre-Yves N\u00e9d\u00e9lec"},"image":{"@id":"https:\/\/pierre-yves-nedelec.fr\/#\/schema\/logo\/image\/"}}]}},"jetpack_sharing_enabled":true,"_links":{"self":[{"href":"https:\/\/pierre-yves-nedelec.fr\/index.php?rest_route=\/wp\/v2\/product\/2354","targetHints":{"allow":["GET"]}}],"collection":[{"href":"https:\/\/pierre-yves-nedelec.fr\/index.php?rest_route=\/wp\/v2\/product"}],"about":[{"href":"https:\/\/pierre-yves-nedelec.fr\/index.php?rest_route=\/wp\/v2\/types\/product"}],"replies":[{"embeddable":true,"href":"https:\/\/pierre-yves-nedelec.fr\/index.php?rest_route=%2Fwp%2Fv2%2Fcomments&post=2354"}],"wp:featuredmedia":[{"embeddable":true,"href":"https:\/\/pierre-yves-nedelec.fr\/index.php?rest_route=\/wp\/v2\/media\/2358"}],"wp:attachment":[{"href":"https:\/\/pierre-yves-nedelec.fr\/index.php?rest_route=%2Fwp%2Fv2%2Fmedia&parent=2354"}],"wp:term":[{"taxonomy":"product_brand","embeddable":true,"href":"https:\/\/pierre-yves-nedelec.fr\/index.php?rest_route=%2Fwp%2Fv2%2Fproduct_brand&post=2354"},{"taxonomy":"product_cat","embeddable":true,"href":"https:\/\/pierre-yves-nedelec.fr\/index.php?rest_route=%2Fwp%2Fv2%2Fproduct_cat&post=2354"},{"taxonomy":"product_tag","embeddable":true,"href":"https:\/\/pierre-yves-nedelec.fr\/index.php?rest_route=%2Fwp%2Fv2%2Fproduct_tag&post=2354"}],"curies":[{"name":"wp","href":"https:\/\/api.w.org\/{rel}","templated":true}]}}