{"id":1360,"date":"2024-01-22T10:36:29","date_gmt":"2024-01-22T09:36:29","guid":{"rendered":"https:\/\/pierre-yves-nedelec.fr\/?page_id=1360"},"modified":"2024-01-22T11:19:55","modified_gmt":"2024-01-22T10:19:55","slug":"bouquins-de-pierre-yves-nedelec","status":"publish","type":"page","link":"https:\/\/pierre-yves-nedelec.fr\/?page_id=1360","title":{"rendered":"Bouquins"},"content":{"rendered":"","protected":false},"excerpt":{"rendered":"","protected":false},"author":1,"featured_media":0,"parent":0,"menu_order":0,"comment_status":"closed","ping_status":"closed","template":"","meta":{"site-sidebar-layout":"default","site-content-layout":"","ast-site-content-layout":"default","site-content-style":"default","site-sidebar-style":"default","ast-global-header-display":"","ast-banner-title-visibility":"","ast-main-header-display":"","ast-hfb-above-header-display":"","ast-hfb-below-header-display":"","ast-hfb-mobile-header-display":"","site-post-title":"","ast-breadcrumbs-content":"","ast-featured-img":"","footer-sml-layout":"","ast-disable-related-posts":"","theme-transparent-header-meta":"","adv-header-id-meta":"","stick-header-meta":"","header-above-stick-meta":"","header-main-stick-meta":"","header-below-stick-meta":"","astra-migrate-meta-layouts":"set","ast-page-background-enabled":"default","ast-page-background-meta":{"desktop":{"background-color":"var(--ast-global-color-4)","background-image":"","background-repeat":"repeat","background-position":"center center","background-size":"auto","background-attachment":"scroll","background-type":"","background-media":"","overlay-type":"","overlay-color":"","overlay-opacity":"","overlay-gradient":""},"tablet":{"background-color":"","background-image":"","background-repeat":"repeat","background-position":"center center","background-size":"auto","background-attachment":"scroll","background-type":"","background-media":"","overlay-type":"","overlay-color":"","overlay-opacity":"","overlay-gradient":""},"mobile":{"background-color":"","background-image":"","background-repeat":"repeat","background-position":"center center","background-size":"auto","background-attachment":"scroll","background-type":"","background-media":"","overlay-type":"","overlay-color":"","overlay-opacity":"","overlay-gradient":""}},"ast-content-background-meta":{"desktop":{"background-color":"var(--ast-global-color-5)","background-image":"","background-repeat":"repeat","background-position":"center center","background-size":"auto","background-attachment":"scroll","background-type":"","background-media":"","overlay-type":"","overlay-color":"","overlay-opacity":"","overlay-gradient":""},"tablet":{"background-color":"var(--ast-global-color-5)","background-image":"","background-repeat":"repeat","background-position":"center center","background-size":"auto","background-attachment":"scroll","background-type":"","background-media":"","overlay-type":"","overlay-color":"","overlay-opacity":"","overlay-gradient":""},"mobile":{"background-color":"var(--ast-global-color-5)","background-image":"","background-repeat":"repeat","background-position":"center center","background-size":"auto","background-attachment":"scroll","background-type":"","background-media":"","overlay-type":"","overlay-color":"","overlay-opacity":"","overlay-gradient":""}},"footnotes":""},"class_list":["post-1360","page","type-page","status-publish","hentry"],"yoast_head":"<!-- This site is optimized with the Yoast SEO plugin v27.3 - https:\/\/yoast.com\/product\/yoast-seo-wordpress\/ -->\n<title>Bouquins - Pierre-Yves N\u00e9d\u00e9lec<\/title>\n<meta name=\"description\" content=\"D\u00e9couvrez les diff\u00e9rents bouquins de l&#039;univers foutraque et d\u00e9jant\u00e9 de Pierre-Yves N\u00e9d\u00e9lec\" \/>\n<meta name=\"robots\" content=\"index, follow, max-snippet:-1, max-image-preview:large, max-video-preview:-1\" \/>\n<link rel=\"canonical\" href=\"https:\/\/pierre-yves-nedelec.fr\/?page_id=1360\" \/>\n<meta property=\"og:locale\" content=\"fr_FR\" \/>\n<meta property=\"og:type\" content=\"article\" \/>\n<meta property=\"og:title\" content=\"Bouquins - Pierre-Yves N\u00e9d\u00e9lec\" \/>\n<meta property=\"og:description\" content=\"D\u00e9couvrez les diff\u00e9rents bouquins de l&#039;univers foutraque et d\u00e9jant\u00e9 de Pierre-Yves N\u00e9d\u00e9lec\" \/>\n<meta property=\"og:url\" content=\"https:\/\/pierre-yves-nedelec.fr\/?page_id=1360\" \/>\n<meta property=\"og:site_name\" content=\"Pierre-Yves N\u00e9d\u00e9lec\" \/>\n<meta property=\"article:modified_time\" content=\"2024-01-22T10:19:55+00:00\" \/>\n<meta name=\"twitter:card\" content=\"summary_large_image\" \/>\n<script type=\"application\/ld+json\" class=\"yoast-schema-graph\">{\"@context\":\"https:\\\/\\\/schema.org\",\"@graph\":[{\"@type\":\"WebPage\",\"@id\":\"https:\\\/\\\/pierre-yves-nedelec.fr\\\/?page_id=1360\",\"url\":\"https:\\\/\\\/pierre-yves-nedelec.fr\\\/?page_id=1360\",\"name\":\"Bouquins - Pierre-Yves N\u00e9d\u00e9lec\",\"isPartOf\":{\"@id\":\"https:\\\/\\\/pierre-yves-nedelec.fr\\\/#website\"},\"datePublished\":\"2024-01-22T09:36:29+00:00\",\"dateModified\":\"2024-01-22T10:19:55+00:00\",\"description\":\"D\u00e9couvrez les diff\u00e9rents bouquins de l'univers foutraque et d\u00e9jant\u00e9 de Pierre-Yves N\u00e9d\u00e9lec\",\"breadcrumb\":{\"@id\":\"https:\\\/\\\/pierre-yves-nedelec.fr\\\/?page_id=1360#breadcrumb\"},\"inLanguage\":\"fr-FR\",\"potentialAction\":[{\"@type\":\"ReadAction\",\"target\":[\"https:\\\/\\\/pierre-yves-nedelec.fr\\\/?page_id=1360\"]}]},{\"@type\":\"BreadcrumbList\",\"@id\":\"https:\\\/\\\/pierre-yves-nedelec.fr\\\/?page_id=1360#breadcrumb\",\"itemListElement\":[{\"@type\":\"ListItem\",\"position\":1,\"name\":\"Accueil\",\"item\":\"https:\\\/\\\/pierre-yves-nedelec.fr\\\/\"},{\"@type\":\"ListItem\",\"position\":2,\"name\":\"Bouquins\"}]},{\"@type\":\"WebSite\",\"@id\":\"https:\\\/\\\/pierre-yves-nedelec.fr\\\/#website\",\"url\":\"https:\\\/\\\/pierre-yves-nedelec.fr\\\/\",\"name\":\"Pierre-Yves N\u00e9d\u00e9lec\",\"description\":\"Une journ\u00e9e sans rire est une journ\u00e9e perdue\",\"publisher\":{\"@id\":\"https:\\\/\\\/pierre-yves-nedelec.fr\\\/#organization\"},\"potentialAction\":[{\"@type\":\"SearchAction\",\"target\":{\"@type\":\"EntryPoint\",\"urlTemplate\":\"https:\\\/\\\/pierre-yves-nedelec.fr\\\/?s={search_term_string}\"},\"query-input\":{\"@type\":\"PropertyValueSpecification\",\"valueRequired\":true,\"valueName\":\"search_term_string\"}}],\"inLanguage\":\"fr-FR\"},{\"@type\":\"Organization\",\"@id\":\"https:\\\/\\\/pierre-yves-nedelec.fr\\\/#organization\",\"name\":\"Pierre-Yves N\u00e9d\u00e9lec\",\"url\":\"https:\\\/\\\/pierre-yves-nedelec.fr\\\/\",\"logo\":{\"@type\":\"ImageObject\",\"inLanguage\":\"fr-FR\",\"@id\":\"https:\\\/\\\/pierre-yves-nedelec.fr\\\/#\\\/schema\\\/logo\\\/image\\\/\",\"url\":\"https:\\\/\\\/pierre-yves-nedelec.fr\\\/wp-content\\\/uploads\\\/2023\\\/12\\\/cropped-Logo-PiN-mini.webp\",\"contentUrl\":\"https:\\\/\\\/pierre-yves-nedelec.fr\\\/wp-content\\\/uploads\\\/2023\\\/12\\\/cropped-Logo-PiN-mini.webp\",\"width\":90,\"height\":80,\"caption\":\"Pierre-Yves N\u00e9d\u00e9lec\"},\"image\":{\"@id\":\"https:\\\/\\\/pierre-yves-nedelec.fr\\\/#\\\/schema\\\/logo\\\/image\\\/\"}}]}<\/script>\n<!-- \/ Yoast SEO plugin. -->","yoast_head_json":{"title":"Bouquins - Pierre-Yves N\u00e9d\u00e9lec","description":"D\u00e9couvrez les diff\u00e9rents bouquins de l'univers foutraque et d\u00e9jant\u00e9 de Pierre-Yves N\u00e9d\u00e9lec","robots":{"index":"index","follow":"follow","max-snippet":"max-snippet:-1","max-image-preview":"max-image-preview:large","max-video-preview":"max-video-preview:-1"},"canonical":"https:\/\/pierre-yves-nedelec.fr\/?page_id=1360","og_locale":"fr_FR","og_type":"article","og_title":"Bouquins - Pierre-Yves N\u00e9d\u00e9lec","og_description":"D\u00e9couvrez les diff\u00e9rents bouquins de l'univers foutraque et d\u00e9jant\u00e9 de Pierre-Yves N\u00e9d\u00e9lec","og_url":"https:\/\/pierre-yves-nedelec.fr\/?page_id=1360","og_site_name":"Pierre-Yves N\u00e9d\u00e9lec","article_modified_time":"2024-01-22T10:19:55+00:00","twitter_card":"summary_large_image","schema":{"@context":"https:\/\/schema.org","@graph":[{"@type":"WebPage","@id":"https:\/\/pierre-yves-nedelec.fr\/?page_id=1360","url":"https:\/\/pierre-yves-nedelec.fr\/?page_id=1360","name":"Bouquins - Pierre-Yves N\u00e9d\u00e9lec","isPartOf":{"@id":"https:\/\/pierre-yves-nedelec.fr\/#website"},"datePublished":"2024-01-22T09:36:29+00:00","dateModified":"2024-01-22T10:19:55+00:00","description":"D\u00e9couvrez les diff\u00e9rents bouquins de l'univers foutraque et d\u00e9jant\u00e9 de Pierre-Yves N\u00e9d\u00e9lec","breadcrumb":{"@id":"https:\/\/pierre-yves-nedelec.fr\/?page_id=1360#breadcrumb"},"inLanguage":"fr-FR","potentialAction":[{"@type":"ReadAction","target":["https:\/\/pierre-yves-nedelec.fr\/?page_id=1360"]}]},{"@type":"BreadcrumbList","@id":"https:\/\/pierre-yves-nedelec.fr\/?page_id=1360#breadcrumb","itemListElement":[{"@type":"ListItem","position":1,"name":"Accueil","item":"https:\/\/pierre-yves-nedelec.fr\/"},{"@type":"ListItem","position":2,"name":"Bouquins"}]},{"@type":"WebSite","@id":"https:\/\/pierre-yves-nedelec.fr\/#website","url":"https:\/\/pierre-yves-nedelec.fr\/","name":"Pierre-Yves N\u00e9d\u00e9lec","description":"Une journ\u00e9e sans rire est une journ\u00e9e perdue","publisher":{"@id":"https:\/\/pierre-yves-nedelec.fr\/#organization"},"potentialAction":[{"@type":"SearchAction","target":{"@type":"EntryPoint","urlTemplate":"https:\/\/pierre-yves-nedelec.fr\/?s={search_term_string}"},"query-input":{"@type":"PropertyValueSpecification","valueRequired":true,"valueName":"search_term_string"}}],"inLanguage":"fr-FR"},{"@type":"Organization","@id":"https:\/\/pierre-yves-nedelec.fr\/#organization","name":"Pierre-Yves N\u00e9d\u00e9lec","url":"https:\/\/pierre-yves-nedelec.fr\/","logo":{"@type":"ImageObject","inLanguage":"fr-FR","@id":"https:\/\/pierre-yves-nedelec.fr\/#\/schema\/logo\/image\/","url":"https:\/\/pierre-yves-nedelec.fr\/wp-content\/uploads\/2023\/12\/cropped-Logo-PiN-mini.webp","contentUrl":"https:\/\/pierre-yves-nedelec.fr\/wp-content\/uploads\/2023\/12\/cropped-Logo-PiN-mini.webp","width":90,"height":80,"caption":"Pierre-Yves N\u00e9d\u00e9lec"},"image":{"@id":"https:\/\/pierre-yves-nedelec.fr\/#\/schema\/logo\/image\/"}}]}},"jetpack_sharing_enabled":true,"_links":{"self":[{"href":"https:\/\/pierre-yves-nedelec.fr\/index.php?rest_route=\/wp\/v2\/pages\/1360","targetHints":{"allow":["GET"]}}],"collection":[{"href":"https:\/\/pierre-yves-nedelec.fr\/index.php?rest_route=\/wp\/v2\/pages"}],"about":[{"href":"https:\/\/pierre-yves-nedelec.fr\/index.php?rest_route=\/wp\/v2\/types\/page"}],"author":[{"embeddable":true,"href":"https:\/\/pierre-yves-nedelec.fr\/index.php?rest_route=\/wp\/v2\/users\/1"}],"replies":[{"embeddable":true,"href":"https:\/\/pierre-yves-nedelec.fr\/index.php?rest_route=%2Fwp%2Fv2%2Fcomments&post=1360"}],"version-history":[{"count":2,"href":"https:\/\/pierre-yves-nedelec.fr\/index.php?rest_route=\/wp\/v2\/pages\/1360\/revisions"}],"predecessor-version":[{"id":1386,"href":"https:\/\/pierre-yves-nedelec.fr\/index.php?rest_route=\/wp\/v2\/pages\/1360\/revisions\/1386"}],"wp:attachment":[{"href":"https:\/\/pierre-yves-nedelec.fr\/index.php?rest_route=%2Fwp%2Fv2%2Fmedia&parent=1360"}],"curies":[{"name":"wp","href":"https:\/\/api.w.org\/{rel}","templated":true}]}}